{"id":2893,"date":"2021-05-27T05:39:05","date_gmt":"2021-05-27T05:39:05","guid":{"rendered":"https:\/\/teatrogaleon.org\/wpgaleon\/?page_id=2893"},"modified":"2021-05-27T05:41:17","modified_gmt":"2021-05-27T05:41:17","slug":"ejecucion-de-eventos-y-proyectos","status":"publish","type":"page","link":"https:\/\/teatrogaleon.org\/wpgaleon\/index.php\/ejecucion-de-eventos-y-proyectos\/","title":{"rendered":"Ejecuci\u00f3n de Eventos y Proyectos"},"content":{"rendered":"\t\t<div data-elementor-type=\"wp-page\" data-elementor-id=\"2893\" class=\"elementor elementor-2893\" data-elementor-settings=\"[]\">\n\t\t\t\t\t\t<div class=\"elementor-inner\">\n\t\t\t\t\t\t\t<div class=\"elementor-section-wrap\">\n\t\t\t\t\t\t\t<section class=\"elementor-section elementor-top-section elementor-element elementor-element-2b8960c elementor-section-boxed elementor-section-height-default elementor-section-height-default\" data-id=\"2b8960c\" data-element_type=\"section\">\n\t\t\t\t\t\t<div class=\"elementor-container elementor-column-gap-default\">\n\t\t\t\t\t\t\t<div class=\"elementor-row\">\n\t\t\t\t\t<div class=\"elementor-column elementor-col-100 elementor-top-column elementor-element elementor-element-f1bb592\" data-id=\"f1bb592\" data-element_type=\"column\">\n\t\t\t<div class=\"elementor-column-wrap elementor-element-populated\">\n\t\t\t\t\t\t\t<div class=\"elementor-widget-wrap\">\n\t\t\t\t\t\t<div class=\"elementor-element elementor-element-c05ad23 elementor-widget elementor-widget-heading\" data-id=\"c05ad23\" data-element_type=\"widget\" data-widget_type=\"heading.default\">\n\t\t\t\t<div class=\"elementor-widget-container\">\n\t\t\t<h2 class=\"elementor-heading-title elementor-size-default\">Ejecuci\u00f3n de Eventos y Proyectos<\/h2>\t\t<\/div>\n\t\t\t\t<\/div>\n\t\t\t\t<div class=\"elementor-element elementor-element-073fc8e elementor-widget elementor-widget-text-editor\" data-id=\"073fc8e\" data-element_type=\"widget\" data-widget_type=\"text-editor.default\">\n\t\t\t\t<div class=\"elementor-widget-container\">\n\t\t\t\t\t<div class=\"elementor-text-editor elementor-clearfix\"><p>\u00a0<\/p><p><span style=\"font-weight: 400;\">La Corporaci\u00f3n Cultural y Art\u00edstica Gale\u00f3n tambi\u00e9n ejecuta eventos y proyectos art\u00edsticos, culturales, educativos y ambientales; desde su planeaci\u00f3n, convocatoria, log\u00edstica y realizaci\u00f3n. Hemos ejecutado festivales, diplomados y proyectos contratados o en alianza. Entre ellos, el \u201cFestival Estudiantil de Artes \u2013 FESTEA\u201d de Bello -, \u201cTodos al Teatro\u201d de Bello, \u201cInspiraci\u00f3n Comfama\u201d con Comfama, Diplomado Internacional de Mon\u00f3logos con el maestro argentino Jorge Eines, en alianza con la Universidad de Antioquia, \u201cSemana del Teatro en Bello\u201d, \u201cLa Navidad en Bello\u201d, entre otros.<\/span><\/p><\/div>\n\t\t\t\t<\/div>\n\t\t\t\t<\/div>\n\t\t\t\t\t\t<\/div>\n\t\t\t\t\t<\/div>\n\t\t<\/div>\n\t\t\t\t\t\t\t\t<\/div>\n\t\t\t\t\t<\/div>\n\t\t<\/section>\n\t\t\t\t\t\t<\/div>\n\t\t\t\t\t\t<\/div>\n\t\t\t\t\t<\/div>\n\t\t","protected":false},"excerpt":{"rendered":"<p>Ejecuci\u00f3n de Eventos y Proyectos \u00a0 La Corporaci\u00f3n Cultural y Art\u00edstica Gale\u00f3n tambi\u00e9n ejecuta eventos y proyectos art\u00edsticos, culturales, educativos y ambientales; desde su planeaci\u00f3n, convocatoria, log\u00edstica y realizaci\u00f3n. Hemos&hellip;&nbsp;<a href=\"https:\/\/teatrogaleon.org\/wpgaleon\/index.php\/ejecucion-de-eventos-y-proyectos\/\" class=\"\" rel=\"bookmark\">Leer m\u00e1s &raquo;<span class=\"screen-reader-text\">Ejecuci\u00f3n de Eventos y Proyectos<\/span><\/a><\/p>\n","protected":false},"author":1,"featured_media":0,"parent":0,"menu_order":0,"comment_status":"closed","ping_status":"closed","template":"page-templates\/template-pagebuilder-full-width.php","meta":{"neve_meta_sidebar":"full-width","neve_meta_container":"","neve_meta_enable_content_width":"on","neve_meta_content_width":100,"neve_meta_title_alignment":"","neve_meta_author_avatar":"","neve_post_elements_order":"","neve_meta_disable_header":"","neve_meta_disable_footer":"","neve_meta_disable_title":"","_joinchat":[]},"yoast_head":"<!-- This site is optimized with the Yoast SEO plugin v20.13 - https:\/\/yoast.com\/wordpress\/plugins\/seo\/ -->\n<title>Ejecuci\u00f3n de Eventos y Proyectos - Teatro Gale\u00f3n<\/title>\n<meta name=\"robots\" content=\"index, follow, max-snippet:-1, max-image-preview:large, max-video-preview:-1\" \/>\n<link rel=\"canonical\" href=\"https:\/\/teatrogaleon.org\/wpgaleon\/index.php\/ejecucion-de-eventos-y-proyectos\/\" \/>\n<meta property=\"og:locale\" content=\"es_ES\" \/>\n<meta property=\"og:type\" content=\"article\" \/>\n<meta property=\"og:title\" content=\"Ejecuci\u00f3n de Eventos y Proyectos - Teatro Gale\u00f3n\" \/>\n<meta property=\"og:description\" content=\"Ejecuci\u00f3n de Eventos y Proyectos \u00a0 La Corporaci\u00f3n Cultural y Art\u00edstica Gale\u00f3n tambi\u00e9n ejecuta eventos y proyectos art\u00edsticos, culturales, educativos y ambientales; desde su planeaci\u00f3n, convocatoria, log\u00edstica y realizaci\u00f3n. Hemos&hellip;&nbsp;Leer m\u00e1s &raquo;Ejecuci\u00f3n de Eventos y Proyectos\" \/>\n<meta property=\"og:url\" content=\"https:\/\/teatrogaleon.org\/wpgaleon\/index.php\/ejecucion-de-eventos-y-proyectos\/\" \/>\n<meta property=\"og:site_name\" content=\"Teatro Gale\u00f3n\" \/>\n<meta property=\"article:modified_time\" content=\"2021-05-27T05:41:17+00:00\" \/>\n<meta name=\"twitter:card\" content=\"summary_large_image\" \/>\n<meta name=\"twitter:label1\" content=\"Tiempo de lectura\" \/>\n\t<meta name=\"twitter:data1\" content=\"1 minuto\" \/>\n<script type=\"application\/ld+json\" class=\"yoast-schema-graph\">{\"@context\":\"https:\/\/schema.org\",\"@graph\":[{\"@type\":\"WebPage\",\"@id\":\"https:\/\/teatrogaleon.org\/wpgaleon\/index.php\/ejecucion-de-eventos-y-proyectos\/\",\"url\":\"https:\/\/teatrogaleon.org\/wpgaleon\/index.php\/ejecucion-de-eventos-y-proyectos\/\",\"name\":\"Ejecuci\u00f3n de Eventos y Proyectos - Teatro Gale\u00f3n\",\"isPartOf\":{\"@id\":\"https:\/\/teatrogaleon.org\/wpgaleon\/#website\"},\"datePublished\":\"2021-05-27T05:39:05+00:00\",\"dateModified\":\"2021-05-27T05:41:17+00:00\",\"breadcrumb\":{\"@id\":\"https:\/\/teatrogaleon.org\/wpgaleon\/index.php\/ejecucion-de-eventos-y-proyectos\/#breadcrumb\"},\"inLanguage\":\"es\",\"potentialAction\":[{\"@type\":\"ReadAction\",\"target\":[\"https:\/\/teatrogaleon.org\/wpgaleon\/index.php\/ejecucion-de-eventos-y-proyectos\/\"]}]},{\"@type\":\"BreadcrumbList\",\"@id\":\"https:\/\/teatrogaleon.org\/wpgaleon\/index.php\/ejecucion-de-eventos-y-proyectos\/#breadcrumb\",\"itemListElement\":[{\"@type\":\"ListItem\",\"position\":1,\"name\":\"Portada\",\"item\":\"https:\/\/teatrogaleon.org\/wpgaleon\/\"},{\"@type\":\"ListItem\",\"position\":2,\"name\":\"Ejecuci\u00f3n de Eventos y Proyectos\"}]},{\"@type\":\"WebSite\",\"@id\":\"https:\/\/teatrogaleon.org\/wpgaleon\/#website\",\"url\":\"https:\/\/teatrogaleon.org\/wpgaleon\/\",\"name\":\"Teatro Gale\u00f3n\",\"description\":\"Teatro Gale\u00f3n\",\"publisher\":{\"@id\":\"https:\/\/teatrogaleon.org\/wpgaleon\/#organization\"},\"potentialAction\":[{\"@type\":\"SearchAction\",\"target\":{\"@type\":\"EntryPoint\",\"urlTemplate\":\"https:\/\/teatrogaleon.org\/wpgaleon\/?s={search_term_string}\"},\"query-input\":\"required name=search_term_string\"}],\"inLanguage\":\"es\"},{\"@type\":\"Organization\",\"@id\":\"https:\/\/teatrogaleon.org\/wpgaleon\/#organization\",\"name\":\"Teatro Gale\u00f3n\",\"url\":\"https:\/\/teatrogaleon.org\/wpgaleon\/\",\"logo\":{\"@type\":\"ImageObject\",\"inLanguage\":\"es\",\"@id\":\"https:\/\/teatrogaleon.org\/wpgaleon\/#\/schema\/logo\/image\/\",\"url\":\"https:\/\/teatrogaleon.org\/wpgaleon\/wp-content\/uploads\/2021\/06\/cropped-logo2.png\",\"contentUrl\":\"https:\/\/teatrogaleon.org\/wpgaleon\/wp-content\/uploads\/2021\/06\/cropped-logo2.png\",\"width\":1079,\"height\":766,\"caption\":\"Teatro Gale\u00f3n\"},\"image\":{\"@id\":\"https:\/\/teatrogaleon.org\/wpgaleon\/#\/schema\/logo\/image\/\"}}]}<\/script>\n<!-- \/ Yoast SEO plugin. -->","yoast_head_json":{"title":"Ejecuci\u00f3n de Eventos y Proyectos - Teatro Gale\u00f3n","robots":{"index":"index","follow":"follow","max-snippet":"max-snippet:-1","max-image-preview":"max-image-preview:large","max-video-preview":"max-video-preview:-1"},"canonical":"https:\/\/teatrogaleon.org\/wpgaleon\/index.php\/ejecucion-de-eventos-y-proyectos\/","og_locale":"es_ES","og_type":"article","og_title":"Ejecuci\u00f3n de Eventos y Proyectos - Teatro Gale\u00f3n","og_description":"Ejecuci\u00f3n de Eventos y Proyectos \u00a0 La Corporaci\u00f3n Cultural y Art\u00edstica Gale\u00f3n tambi\u00e9n ejecuta eventos y proyectos art\u00edsticos, culturales, educativos y ambientales; desde su planeaci\u00f3n, convocatoria, log\u00edstica y realizaci\u00f3n. Hemos&hellip;&nbsp;Leer m\u00e1s &raquo;Ejecuci\u00f3n de Eventos y Proyectos","og_url":"https:\/\/teatrogaleon.org\/wpgaleon\/index.php\/ejecucion-de-eventos-y-proyectos\/","og_site_name":"Teatro Gale\u00f3n","article_modified_time":"2021-05-27T05:41:17+00:00","twitter_card":"summary_large_image","twitter_misc":{"Tiempo de lectura":"1 minuto"},"schema":{"@context":"https:\/\/schema.org","@graph":[{"@type":"WebPage","@id":"https:\/\/teatrogaleon.org\/wpgaleon\/index.php\/ejecucion-de-eventos-y-proyectos\/","url":"https:\/\/teatrogaleon.org\/wpgaleon\/index.php\/ejecucion-de-eventos-y-proyectos\/","name":"Ejecuci\u00f3n de Eventos y Proyectos - Teatro Gale\u00f3n","isPartOf":{"@id":"https:\/\/teatrogaleon.org\/wpgaleon\/#website"},"datePublished":"2021-05-27T05:39:05+00:00","dateModified":"2021-05-27T05:41:17+00:00","breadcrumb":{"@id":"https:\/\/teatrogaleon.org\/wpgaleon\/index.php\/ejecucion-de-eventos-y-proyectos\/#breadcrumb"},"inLanguage":"es","potentialAction":[{"@type":"ReadAction","target":["https:\/\/teatrogaleon.org\/wpgaleon\/index.php\/ejecucion-de-eventos-y-proyectos\/"]}]},{"@type":"BreadcrumbList","@id":"https:\/\/teatrogaleon.org\/wpgaleon\/index.php\/ejecucion-de-eventos-y-proyectos\/#breadcrumb","itemListElement":[{"@type":"ListItem","position":1,"name":"Portada","item":"https:\/\/teatrogaleon.org\/wpgaleon\/"},{"@type":"ListItem","position":2,"name":"Ejecuci\u00f3n de Eventos y Proyectos"}]},{"@type":"WebSite","@id":"https:\/\/teatrogaleon.org\/wpgaleon\/#website","url":"https:\/\/teatrogaleon.org\/wpgaleon\/","name":"Teatro Gale\u00f3n","description":"Teatro Gale\u00f3n","publisher":{"@id":"https:\/\/teatrogaleon.org\/wpgaleon\/#organization"},"potentialAction":[{"@type":"SearchAction","target":{"@type":"EntryPoint","urlTemplate":"https:\/\/teatrogaleon.org\/wpgaleon\/?s={search_term_string}"},"query-input":"required name=search_term_string"}],"inLanguage":"es"},{"@type":"Organization","@id":"https:\/\/teatrogaleon.org\/wpgaleon\/#organization","name":"Teatro Gale\u00f3n","url":"https:\/\/teatrogaleon.org\/wpgaleon\/","logo":{"@type":"ImageObject","inLanguage":"es","@id":"https:\/\/teatrogaleon.org\/wpgaleon\/#\/schema\/logo\/image\/","url":"https:\/\/teatrogaleon.org\/wpgaleon\/wp-content\/uploads\/2021\/06\/cropped-logo2.png","contentUrl":"https:\/\/teatrogaleon.org\/wpgaleon\/wp-content\/uploads\/2021\/06\/cropped-logo2.png","width":1079,"height":766,"caption":"Teatro Gale\u00f3n"},"image":{"@id":"https:\/\/teatrogaleon.org\/wpgaleon\/#\/schema\/logo\/image\/"}}]}},"_links":{"self":[{"href":"https:\/\/teatrogaleon.org\/wpgaleon\/index.php\/wp-json\/wp\/v2\/pages\/2893"}],"collection":[{"href":"https:\/\/teatrogaleon.org\/wpgaleon\/index.php\/wp-json\/wp\/v2\/pages"}],"about":[{"href":"https:\/\/teatrogaleon.org\/wpgaleon\/index.php\/wp-json\/wp\/v2\/types\/page"}],"author":[{"embeddable":true,"href":"https:\/\/teatrogaleon.org\/wpgaleon\/index.php\/wp-json\/wp\/v2\/users\/1"}],"replies":[{"embeddable":true,"href":"https:\/\/teatrogaleon.org\/wpgaleon\/index.php\/wp-json\/wp\/v2\/comments?post=2893"}],"version-history":[{"count":4,"href":"https:\/\/teatrogaleon.org\/wpgaleon\/index.php\/wp-json\/wp\/v2\/pages\/2893\/revisions"}],"predecessor-version":[{"id":2898,"href":"https:\/\/teatrogaleon.org\/wpgaleon\/index.php\/wp-json\/wp\/v2\/pages\/2893\/revisions\/2898"}],"wp:attachment":[{"href":"https:\/\/teatrogaleon.org\/wpgaleon\/index.php\/wp-json\/wp\/v2\/media?parent=2893"}],"curies":[{"name":"wp","href":"https:\/\/api.w.org\/{rel}","templated":true}]}}