{"id":2876,"date":"2021-05-25T19:32:41","date_gmt":"2021-05-25T19:32:41","guid":{"rendered":"https:\/\/teatrogaleon.org\/wpgaleon\/?page_id=2876"},"modified":"2021-05-25T19:35:44","modified_gmt":"2021-05-25T19:35:44","slug":"escena-para-cuatro-personajes","status":"publish","type":"page","link":"https:\/\/teatrogaleon.org\/wpgaleon\/index.php\/escena-para-cuatro-personajes\/","title":{"rendered":"Escena para cuatro personajes"},"content":{"rendered":"\t\t<div data-elementor-type=\"wp-page\" data-elementor-id=\"2876\" class=\"elementor elementor-2876\" data-elementor-settings=\"[]\">\n\t\t\t\t\t\t<div class=\"elementor-inner\">\n\t\t\t\t\t\t\t<div class=\"elementor-section-wrap\">\n\t\t\t\t\t\t\t<section class=\"elementor-section elementor-top-section elementor-element elementor-element-884f515 elementor-section-boxed elementor-section-height-default elementor-section-height-default\" data-id=\"884f515\" data-element_type=\"section\">\n\t\t\t\t\t\t<div class=\"elementor-container elementor-column-gap-default\">\n\t\t\t\t\t\t\t<div class=\"elementor-row\">\n\t\t\t\t\t<div class=\"elementor-column elementor-col-100 elementor-top-column elementor-element elementor-element-30c2292\" data-id=\"30c2292\" data-element_type=\"column\">\n\t\t\t<div class=\"elementor-column-wrap elementor-element-populated\">\n\t\t\t\t\t\t\t<div class=\"elementor-widget-wrap\">\n\t\t\t\t\t\t<div class=\"elementor-element elementor-element-fa9c928 elementor-widget elementor-widget-heading\" data-id=\"fa9c928\" data-element_type=\"widget\" data-widget_type=\"heading.default\">\n\t\t\t\t<div class=\"elementor-widget-container\">\n\t\t\t<h2 class=\"elementor-heading-title elementor-size-default\">Escena para cuatro personajes<\/h2>\t\t<\/div>\n\t\t\t\t<\/div>\n\t\t\t\t<div class=\"elementor-element elementor-element-fb1d85d elementor-widget elementor-widget-text-editor\" data-id=\"fb1d85d\" data-element_type=\"widget\" data-widget_type=\"text-editor.default\">\n\t\t\t\t<div class=\"elementor-widget-container\">\n\t\t\t\t\t<div class=\"elementor-text-editor elementor-clearfix\"><div class=\"kvgmc6g5 cxmmr5t8 oygrvhab hcukyx3x c1et5uql\">Escena para 4 personajes es una obra del teatro del absurdo, de Eugene Ionesco.<\/div><div class=\"o9v6fnle cxmmr5t8 oygrvhab hcukyx3x c1et5uql\">La obra muestra a cuatro personajes disput\u00e1ndose por qui\u00e9n tiene el argumento m\u00e1s coherente sobre una discusi\u00f3n absurda como lo es: la raz\u00f3n absoluta. Experimenta la profunda necesidad de liberar aquellos actos que nos atormentan la mente en el diario vivir de una existencia perturbada de infinidades de costumbres y normas, que nos alejan de desempe\u00f1arnos como somos y percibimos la sensaci\u00f3n del mundo que nos rodea.<\/div><\/div>\n\t\t\t\t<\/div>\n\t\t\t\t<\/div>\n\t\t\t\t\t\t<\/div>\n\t\t\t\t\t<\/div>\n\t\t<\/div>\n\t\t\t\t\t\t\t\t<\/div>\n\t\t\t\t\t<\/div>\n\t\t<\/section>\n\t\t\t\t\t\t<\/div>\n\t\t\t\t\t\t<\/div>\n\t\t\t\t\t<\/div>\n\t\t","protected":false},"excerpt":{"rendered":"<p>Escena para cuatro personajes Escena para 4 personajes es una obra del teatro del absurdo, de Eugene Ionesco.La obra muestra a cuatro personajes disput\u00e1ndose por qui\u00e9n tiene el argumento m\u00e1s&hellip;&nbsp;<a href=\"https:\/\/teatrogaleon.org\/wpgaleon\/index.php\/escena-para-cuatro-personajes\/\" class=\"\" rel=\"bookmark\">Leer m\u00e1s &raquo;<span class=\"screen-reader-text\">Escena para cuatro personajes<\/span><\/a><\/p>\n","protected":false},"author":1,"featured_media":0,"parent":0,"menu_order":0,"comment_status":"closed","ping_status":"closed","template":"page-templates\/template-pagebuilder-full-width.php","meta":{"neve_meta_sidebar":"full-width","neve_meta_container":"","neve_meta_enable_content_width":"on","neve_meta_content_width":100,"neve_meta_title_alignment":"","neve_meta_author_avatar":"","neve_post_elements_order":"","neve_meta_disable_header":"","neve_meta_disable_footer":"","neve_meta_disable_title":"","_joinchat":[]},"yoast_head":"<!-- This site is optimized with the Yoast SEO plugin v20.13 - https:\/\/yoast.com\/wordpress\/plugins\/seo\/ -->\n<title>Escena para cuatro personajes - Teatro Gale\u00f3n<\/title>\n<meta name=\"robots\" content=\"index, follow, max-snippet:-1, max-image-preview:large, max-video-preview:-1\" \/>\n<link rel=\"canonical\" href=\"https:\/\/teatrogaleon.org\/wpgaleon\/index.php\/escena-para-cuatro-personajes\/\" \/>\n<meta property=\"og:locale\" content=\"es_ES\" \/>\n<meta property=\"og:type\" content=\"article\" \/>\n<meta property=\"og:title\" content=\"Escena para cuatro personajes - Teatro Gale\u00f3n\" \/>\n<meta property=\"og:description\" content=\"Escena para cuatro personajes Escena para 4 personajes es una obra del teatro del absurdo, de Eugene Ionesco.La obra muestra a cuatro personajes disput\u00e1ndose por qui\u00e9n tiene el argumento m\u00e1s&hellip;&nbsp;Leer m\u00e1s &raquo;Escena para cuatro personajes\" \/>\n<meta property=\"og:url\" content=\"https:\/\/teatrogaleon.org\/wpgaleon\/index.php\/escena-para-cuatro-personajes\/\" \/>\n<meta property=\"og:site_name\" content=\"Teatro Gale\u00f3n\" \/>\n<meta property=\"article:modified_time\" content=\"2021-05-25T19:35:44+00:00\" \/>\n<meta name=\"twitter:card\" content=\"summary_large_image\" \/>\n<meta name=\"twitter:label1\" content=\"Tiempo de lectura\" \/>\n\t<meta name=\"twitter:data1\" content=\"1 minuto\" \/>\n<script type=\"application\/ld+json\" class=\"yoast-schema-graph\">{\"@context\":\"https:\/\/schema.org\",\"@graph\":[{\"@type\":\"WebPage\",\"@id\":\"https:\/\/teatrogaleon.org\/wpgaleon\/index.php\/escena-para-cuatro-personajes\/\",\"url\":\"https:\/\/teatrogaleon.org\/wpgaleon\/index.php\/escena-para-cuatro-personajes\/\",\"name\":\"Escena para cuatro personajes - Teatro Gale\u00f3n\",\"isPartOf\":{\"@id\":\"https:\/\/teatrogaleon.org\/wpgaleon\/#website\"},\"datePublished\":\"2021-05-25T19:32:41+00:00\",\"dateModified\":\"2021-05-25T19:35:44+00:00\",\"breadcrumb\":{\"@id\":\"https:\/\/teatrogaleon.org\/wpgaleon\/index.php\/escena-para-cuatro-personajes\/#breadcrumb\"},\"inLanguage\":\"es\",\"potentialAction\":[{\"@type\":\"ReadAction\",\"target\":[\"https:\/\/teatrogaleon.org\/wpgaleon\/index.php\/escena-para-cuatro-personajes\/\"]}]},{\"@type\":\"BreadcrumbList\",\"@id\":\"https:\/\/teatrogaleon.org\/wpgaleon\/index.php\/escena-para-cuatro-personajes\/#breadcrumb\",\"itemListElement\":[{\"@type\":\"ListItem\",\"position\":1,\"name\":\"Portada\",\"item\":\"https:\/\/teatrogaleon.org\/wpgaleon\/\"},{\"@type\":\"ListItem\",\"position\":2,\"name\":\"Escena para cuatro personajes\"}]},{\"@type\":\"WebSite\",\"@id\":\"https:\/\/teatrogaleon.org\/wpgaleon\/#website\",\"url\":\"https:\/\/teatrogaleon.org\/wpgaleon\/\",\"name\":\"Teatro Gale\u00f3n\",\"description\":\"Teatro Gale\u00f3n\",\"publisher\":{\"@id\":\"https:\/\/teatrogaleon.org\/wpgaleon\/#organization\"},\"potentialAction\":[{\"@type\":\"SearchAction\",\"target\":{\"@type\":\"EntryPoint\",\"urlTemplate\":\"https:\/\/teatrogaleon.org\/wpgaleon\/?s={search_term_string}\"},\"query-input\":\"required name=search_term_string\"}],\"inLanguage\":\"es\"},{\"@type\":\"Organization\",\"@id\":\"https:\/\/teatrogaleon.org\/wpgaleon\/#organization\",\"name\":\"Teatro Gale\u00f3n\",\"url\":\"https:\/\/teatrogaleon.org\/wpgaleon\/\",\"logo\":{\"@type\":\"ImageObject\",\"inLanguage\":\"es\",\"@id\":\"https:\/\/teatrogaleon.org\/wpgaleon\/#\/schema\/logo\/image\/\",\"url\":\"https:\/\/teatrogaleon.org\/wpgaleon\/wp-content\/uploads\/2021\/06\/cropped-logo2.png\",\"contentUrl\":\"https:\/\/teatrogaleon.org\/wpgaleon\/wp-content\/uploads\/2021\/06\/cropped-logo2.png\",\"width\":1079,\"height\":766,\"caption\":\"Teatro Gale\u00f3n\"},\"image\":{\"@id\":\"https:\/\/teatrogaleon.org\/wpgaleon\/#\/schema\/logo\/image\/\"}}]}<\/script>\n<!-- \/ Yoast SEO plugin. -->","yoast_head_json":{"title":"Escena para cuatro personajes - Teatro Gale\u00f3n","robots":{"index":"index","follow":"follow","max-snippet":"max-snippet:-1","max-image-preview":"max-image-preview:large","max-video-preview":"max-video-preview:-1"},"canonical":"https:\/\/teatrogaleon.org\/wpgaleon\/index.php\/escena-para-cuatro-personajes\/","og_locale":"es_ES","og_type":"article","og_title":"Escena para cuatro personajes - Teatro Gale\u00f3n","og_description":"Escena para cuatro personajes Escena para 4 personajes es una obra del teatro del absurdo, de Eugene Ionesco.La obra muestra a cuatro personajes disput\u00e1ndose por qui\u00e9n tiene el argumento m\u00e1s&hellip;&nbsp;Leer m\u00e1s &raquo;Escena para cuatro personajes","og_url":"https:\/\/teatrogaleon.org\/wpgaleon\/index.php\/escena-para-cuatro-personajes\/","og_site_name":"Teatro Gale\u00f3n","article_modified_time":"2021-05-25T19:35:44+00:00","twitter_card":"summary_large_image","twitter_misc":{"Tiempo de lectura":"1 minuto"},"schema":{"@context":"https:\/\/schema.org","@graph":[{"@type":"WebPage","@id":"https:\/\/teatrogaleon.org\/wpgaleon\/index.php\/escena-para-cuatro-personajes\/","url":"https:\/\/teatrogaleon.org\/wpgaleon\/index.php\/escena-para-cuatro-personajes\/","name":"Escena para cuatro personajes - Teatro Gale\u00f3n","isPartOf":{"@id":"https:\/\/teatrogaleon.org\/wpgaleon\/#website"},"datePublished":"2021-05-25T19:32:41+00:00","dateModified":"2021-05-25T19:35:44+00:00","breadcrumb":{"@id":"https:\/\/teatrogaleon.org\/wpgaleon\/index.php\/escena-para-cuatro-personajes\/#breadcrumb"},"inLanguage":"es","potentialAction":[{"@type":"ReadAction","target":["https:\/\/teatrogaleon.org\/wpgaleon\/index.php\/escena-para-cuatro-personajes\/"]}]},{"@type":"BreadcrumbList","@id":"https:\/\/teatrogaleon.org\/wpgaleon\/index.php\/escena-para-cuatro-personajes\/#breadcrumb","itemListElement":[{"@type":"ListItem","position":1,"name":"Portada","item":"https:\/\/teatrogaleon.org\/wpgaleon\/"},{"@type":"ListItem","position":2,"name":"Escena para cuatro personajes"}]},{"@type":"WebSite","@id":"https:\/\/teatrogaleon.org\/wpgaleon\/#website","url":"https:\/\/teatrogaleon.org\/wpgaleon\/","name":"Teatro Gale\u00f3n","description":"Teatro Gale\u00f3n","publisher":{"@id":"https:\/\/teatrogaleon.org\/wpgaleon\/#organization"},"potentialAction":[{"@type":"SearchAction","target":{"@type":"EntryPoint","urlTemplate":"https:\/\/teatrogaleon.org\/wpgaleon\/?s={search_term_string}"},"query-input":"required name=search_term_string"}],"inLanguage":"es"},{"@type":"Organization","@id":"https:\/\/teatrogaleon.org\/wpgaleon\/#organization","name":"Teatro Gale\u00f3n","url":"https:\/\/teatrogaleon.org\/wpgaleon\/","logo":{"@type":"ImageObject","inLanguage":"es","@id":"https:\/\/teatrogaleon.org\/wpgaleon\/#\/schema\/logo\/image\/","url":"https:\/\/teatrogaleon.org\/wpgaleon\/wp-content\/uploads\/2021\/06\/cropped-logo2.png","contentUrl":"https:\/\/teatrogaleon.org\/wpgaleon\/wp-content\/uploads\/2021\/06\/cropped-logo2.png","width":1079,"height":766,"caption":"Teatro Gale\u00f3n"},"image":{"@id":"https:\/\/teatrogaleon.org\/wpgaleon\/#\/schema\/logo\/image\/"}}]}},"_links":{"self":[{"href":"https:\/\/teatrogaleon.org\/wpgaleon\/index.php\/wp-json\/wp\/v2\/pages\/2876"}],"collection":[{"href":"https:\/\/teatrogaleon.org\/wpgaleon\/index.php\/wp-json\/wp\/v2\/pages"}],"about":[{"href":"https:\/\/teatrogaleon.org\/wpgaleon\/index.php\/wp-json\/wp\/v2\/types\/page"}],"author":[{"embeddable":true,"href":"https:\/\/teatrogaleon.org\/wpgaleon\/index.php\/wp-json\/wp\/v2\/users\/1"}],"replies":[{"embeddable":true,"href":"https:\/\/teatrogaleon.org\/wpgaleon\/index.php\/wp-json\/wp\/v2\/comments?post=2876"}],"version-history":[{"count":4,"href":"https:\/\/teatrogaleon.org\/wpgaleon\/index.php\/wp-json\/wp\/v2\/pages\/2876\/revisions"}],"predecessor-version":[{"id":2881,"href":"https:\/\/teatrogaleon.org\/wpgaleon\/index.php\/wp-json\/wp\/v2\/pages\/2876\/revisions\/2881"}],"wp:attachment":[{"href":"https:\/\/teatrogaleon.org\/wpgaleon\/index.php\/wp-json\/wp\/v2\/media?parent=2876"}],"curies":[{"name":"wp","href":"https:\/\/api.w.org\/{rel}","templated":true}]}}