{"id":2864,"date":"2021-05-25T19:19:47","date_gmt":"2021-05-25T19:19:47","guid":{"rendered":"https:\/\/teatrogaleon.org\/wpgaleon\/?page_id=2864"},"modified":"2021-05-25T19:27:43","modified_gmt":"2021-05-25T19:27:43","slug":"el-numero-13-aca-esta-pa-que-le-vea","status":"publish","type":"page","link":"https:\/\/teatrogaleon.org\/wpgaleon\/index.php\/el-numero-13-aca-esta-pa-que-le-vea\/","title":{"rendered":"El N\u00famero 13: Ac\u00e1 est\u00e1 pa\u2019 que le vea"},"content":{"rendered":"\t\t<div data-elementor-type=\"wp-page\" data-elementor-id=\"2864\" class=\"elementor elementor-2864\" data-elementor-settings=\"[]\">\n\t\t\t\t\t\t<div class=\"elementor-inner\">\n\t\t\t\t\t\t\t<div class=\"elementor-section-wrap\">\n\t\t\t\t\t\t\t<section class=\"elementor-section elementor-top-section elementor-element elementor-element-3e6f560 elementor-section-boxed elementor-section-height-default elementor-section-height-default\" data-id=\"3e6f560\" data-element_type=\"section\">\n\t\t\t\t\t\t<div class=\"elementor-container elementor-column-gap-default\">\n\t\t\t\t\t\t\t<div class=\"elementor-row\">\n\t\t\t\t\t<div class=\"elementor-column elementor-col-100 elementor-top-column elementor-element elementor-element-2e4dc88\" data-id=\"2e4dc88\" data-element_type=\"column\">\n\t\t\t<div class=\"elementor-column-wrap elementor-element-populated\">\n\t\t\t\t\t\t\t<div class=\"elementor-widget-wrap\">\n\t\t\t\t\t\t<div class=\"elementor-element elementor-element-a7d91f6 elementor-widget elementor-widget-heading\" data-id=\"a7d91f6\" data-element_type=\"widget\" data-widget_type=\"heading.default\">\n\t\t\t\t<div class=\"elementor-widget-container\">\n\t\t\t<h2 class=\"elementor-heading-title elementor-size-default\">El N\u00famero 13: Ac\u00e1 est\u00e1 pa\u2019 que le vea<\/h2>\t\t<\/div>\n\t\t\t\t<\/div>\n\t\t\t\t\t\t<\/div>\n\t\t\t\t\t<\/div>\n\t\t<\/div>\n\t\t\t\t\t\t\t\t<\/div>\n\t\t\t\t\t<\/div>\n\t\t<\/section>\n\t\t\t\t<section class=\"elementor-section elementor-top-section elementor-element elementor-element-8d42a4e elementor-section-boxed elementor-section-height-default elementor-section-height-default\" data-id=\"8d42a4e\" data-element_type=\"section\">\n\t\t\t\t\t\t<div class=\"elementor-container elementor-column-gap-default\">\n\t\t\t\t\t\t\t<div class=\"elementor-row\">\n\t\t\t\t\t<div class=\"elementor-column elementor-col-100 elementor-top-column elementor-element elementor-element-2afe8b0\" data-id=\"2afe8b0\" data-element_type=\"column\">\n\t\t\t<div class=\"elementor-column-wrap elementor-element-populated\">\n\t\t\t\t\t\t\t<div class=\"elementor-widget-wrap\">\n\t\t\t\t\t\t<div class=\"elementor-element elementor-element-539145e elementor-widget elementor-widget-text-editor\" data-id=\"539145e\" data-element_type=\"widget\" data-widget_type=\"text-editor.default\">\n\t\t\t\t<div class=\"elementor-widget-container\">\n\t\t\t\t\t<div class=\"elementor-text-editor elementor-clearfix\"><p>Una historia contada desde la voz de un anciano del campo, de un taita, de \u201ctaita Otavio\u201d o \u201cH\u00e9torOtavio\u201d, como fue bautizado al lado de su madrina en el campo.<br \/><br \/>Ahora, con la intenci\u00f3n de que su hijo n\u00famero trece cuente con un buen padrino o madrina, decide migrar del campo, dejando toda historia que conforme su pasado para irse a la ciudad, all\u00e1 donde dicen:<br \/><br \/>\u201cla gente es de fiar\u201d.<br \/><br \/>Sumergido en su b\u00fasqueda dentro de esa convulsionada ciudad, conoce diferentes candidatos para cumplir su cometido: algunos buenos, otros no tanto, pero una sola elecci\u00f3n le da a su hijo la posibilidad de sortear su vida bajo la condici\u00f3n de respetar la palabra de su madrina, a cambio de ser un m\u00e9dico excepcional. Esta promesa hecha a su madrina, lleva a El n\u00famero trece, muchas veces, a sentirse entre la espada y la pared, incluso sin pensar en lo que esto puede causar. Al seguir s\u00f3lo su coraz\u00f3n y sostener su deseo de ser un excelente m\u00e9dico, llega a quebrantar su promesa y a enfrentarse a su madrina. Esta obra, basada en un cuento de los hermanos Grimm, transporta a sus personajes a una realidad m\u00e1s cercana y contempor\u00e1nea, en la que todo se reduce a un desenlace fatal.<\/p><div>\u00a0<\/div><\/div>\n\t\t\t\t<\/div>\n\t\t\t\t<\/div>\n\t\t\t\t\t\t<\/div>\n\t\t\t\t\t<\/div>\n\t\t<\/div>\n\t\t\t\t\t\t\t\t<\/div>\n\t\t\t\t\t<\/div>\n\t\t<\/section>\n\t\t\t\t\t\t<\/div>\n\t\t\t\t\t\t<\/div>\n\t\t\t\t\t<\/div>\n\t\t","protected":false},"excerpt":{"rendered":"<p>El N\u00famero 13: Ac\u00e1 est\u00e1 pa\u2019 que le vea Una historia contada desde la voz de un anciano del campo, de un taita, de \u201ctaita Otavio\u201d o \u201cH\u00e9torOtavio\u201d, como fue&hellip;&nbsp;<a href=\"https:\/\/teatrogaleon.org\/wpgaleon\/index.php\/el-numero-13-aca-esta-pa-que-le-vea\/\" class=\"\" rel=\"bookmark\">Leer m\u00e1s &raquo;<span class=\"screen-reader-text\">El N\u00famero 13: Ac\u00e1 est\u00e1 pa\u2019 que le vea<\/span><\/a><\/p>\n","protected":false},"author":1,"featured_media":0,"parent":0,"menu_order":0,"comment_status":"closed","ping_status":"closed","template":"page-templates\/template-pagebuilder-full-width.php","meta":{"neve_meta_sidebar":"full-width","neve_meta_container":"","neve_meta_enable_content_width":"on","neve_meta_content_width":100,"neve_meta_title_alignment":"","neve_meta_author_avatar":"","neve_post_elements_order":"","neve_meta_disable_header":"","neve_meta_disable_footer":"","neve_meta_disable_title":"","_joinchat":[]},"yoast_head":"<!-- This site is optimized with the Yoast SEO plugin v20.13 - https:\/\/yoast.com\/wordpress\/plugins\/seo\/ -->\n<title>El N\u00famero 13: Ac\u00e1 est\u00e1 pa\u2019 que le vea - Teatro Gale\u00f3n<\/title>\n<meta name=\"robots\" content=\"index, follow, max-snippet:-1, max-image-preview:large, max-video-preview:-1\" \/>\n<link rel=\"canonical\" href=\"https:\/\/teatrogaleon.org\/wpgaleon\/index.php\/el-numero-13-aca-esta-pa-que-le-vea\/\" \/>\n<meta property=\"og:locale\" content=\"es_ES\" \/>\n<meta property=\"og:type\" content=\"article\" \/>\n<meta property=\"og:title\" content=\"El N\u00famero 13: Ac\u00e1 est\u00e1 pa\u2019 que le vea - Teatro Gale\u00f3n\" \/>\n<meta property=\"og:description\" content=\"El N\u00famero 13: Ac\u00e1 est\u00e1 pa\u2019 que le vea Una historia contada desde la voz de un anciano del campo, de un taita, de \u201ctaita Otavio\u201d o \u201cH\u00e9torOtavio\u201d, como fue&hellip;&nbsp;Leer m\u00e1s &raquo;El N\u00famero 13: Ac\u00e1 est\u00e1 pa\u2019 que le vea\" \/>\n<meta property=\"og:url\" content=\"https:\/\/teatrogaleon.org\/wpgaleon\/index.php\/el-numero-13-aca-esta-pa-que-le-vea\/\" \/>\n<meta property=\"og:site_name\" content=\"Teatro Gale\u00f3n\" \/>\n<meta property=\"article:modified_time\" content=\"2021-05-25T19:27:43+00:00\" \/>\n<meta name=\"twitter:card\" content=\"summary_large_image\" \/>\n<meta name=\"twitter:label1\" content=\"Tiempo de lectura\" \/>\n\t<meta name=\"twitter:data1\" content=\"1 minuto\" \/>\n<script type=\"application\/ld+json\" class=\"yoast-schema-graph\">{\"@context\":\"https:\/\/schema.org\",\"@graph\":[{\"@type\":\"WebPage\",\"@id\":\"https:\/\/teatrogaleon.org\/wpgaleon\/index.php\/el-numero-13-aca-esta-pa-que-le-vea\/\",\"url\":\"https:\/\/teatrogaleon.org\/wpgaleon\/index.php\/el-numero-13-aca-esta-pa-que-le-vea\/\",\"name\":\"El N\u00famero 13: Ac\u00e1 est\u00e1 pa\u2019 que le vea - Teatro Gale\u00f3n\",\"isPartOf\":{\"@id\":\"https:\/\/teatrogaleon.org\/wpgaleon\/#website\"},\"datePublished\":\"2021-05-25T19:19:47+00:00\",\"dateModified\":\"2021-05-25T19:27:43+00:00\",\"breadcrumb\":{\"@id\":\"https:\/\/teatrogaleon.org\/wpgaleon\/index.php\/el-numero-13-aca-esta-pa-que-le-vea\/#breadcrumb\"},\"inLanguage\":\"es\",\"potentialAction\":[{\"@type\":\"ReadAction\",\"target\":[\"https:\/\/teatrogaleon.org\/wpgaleon\/index.php\/el-numero-13-aca-esta-pa-que-le-vea\/\"]}]},{\"@type\":\"BreadcrumbList\",\"@id\":\"https:\/\/teatrogaleon.org\/wpgaleon\/index.php\/el-numero-13-aca-esta-pa-que-le-vea\/#breadcrumb\",\"itemListElement\":[{\"@type\":\"ListItem\",\"position\":1,\"name\":\"Portada\",\"item\":\"https:\/\/teatrogaleon.org\/wpgaleon\/\"},{\"@type\":\"ListItem\",\"position\":2,\"name\":\"El N\u00famero 13: Ac\u00e1 est\u00e1 pa\u2019 que le vea\"}]},{\"@type\":\"WebSite\",\"@id\":\"https:\/\/teatrogaleon.org\/wpgaleon\/#website\",\"url\":\"https:\/\/teatrogaleon.org\/wpgaleon\/\",\"name\":\"Teatro Gale\u00f3n\",\"description\":\"Teatro Gale\u00f3n\",\"publisher\":{\"@id\":\"https:\/\/teatrogaleon.org\/wpgaleon\/#organization\"},\"potentialAction\":[{\"@type\":\"SearchAction\",\"target\":{\"@type\":\"EntryPoint\",\"urlTemplate\":\"https:\/\/teatrogaleon.org\/wpgaleon\/?s={search_term_string}\"},\"query-input\":\"required name=search_term_string\"}],\"inLanguage\":\"es\"},{\"@type\":\"Organization\",\"@id\":\"https:\/\/teatrogaleon.org\/wpgaleon\/#organization\",\"name\":\"Teatro Gale\u00f3n\",\"url\":\"https:\/\/teatrogaleon.org\/wpgaleon\/\",\"logo\":{\"@type\":\"ImageObject\",\"inLanguage\":\"es\",\"@id\":\"https:\/\/teatrogaleon.org\/wpgaleon\/#\/schema\/logo\/image\/\",\"url\":\"https:\/\/teatrogaleon.org\/wpgaleon\/wp-content\/uploads\/2021\/06\/cropped-logo2.png\",\"contentUrl\":\"https:\/\/teatrogaleon.org\/wpgaleon\/wp-content\/uploads\/2021\/06\/cropped-logo2.png\",\"width\":1079,\"height\":766,\"caption\":\"Teatro Gale\u00f3n\"},\"image\":{\"@id\":\"https:\/\/teatrogaleon.org\/wpgaleon\/#\/schema\/logo\/image\/\"}}]}<\/script>\n<!-- \/ Yoast SEO plugin. -->","yoast_head_json":{"title":"El N\u00famero 13: Ac\u00e1 est\u00e1 pa\u2019 que le vea - Teatro Gale\u00f3n","robots":{"index":"index","follow":"follow","max-snippet":"max-snippet:-1","max-image-preview":"max-image-preview:large","max-video-preview":"max-video-preview:-1"},"canonical":"https:\/\/teatrogaleon.org\/wpgaleon\/index.php\/el-numero-13-aca-esta-pa-que-le-vea\/","og_locale":"es_ES","og_type":"article","og_title":"El N\u00famero 13: Ac\u00e1 est\u00e1 pa\u2019 que le vea - Teatro Gale\u00f3n","og_description":"El N\u00famero 13: Ac\u00e1 est\u00e1 pa\u2019 que le vea Una historia contada desde la voz de un anciano del campo, de un taita, de \u201ctaita Otavio\u201d o \u201cH\u00e9torOtavio\u201d, como fue&hellip;&nbsp;Leer m\u00e1s &raquo;El N\u00famero 13: Ac\u00e1 est\u00e1 pa\u2019 que le vea","og_url":"https:\/\/teatrogaleon.org\/wpgaleon\/index.php\/el-numero-13-aca-esta-pa-que-le-vea\/","og_site_name":"Teatro Gale\u00f3n","article_modified_time":"2021-05-25T19:27:43+00:00","twitter_card":"summary_large_image","twitter_misc":{"Tiempo de lectura":"1 minuto"},"schema":{"@context":"https:\/\/schema.org","@graph":[{"@type":"WebPage","@id":"https:\/\/teatrogaleon.org\/wpgaleon\/index.php\/el-numero-13-aca-esta-pa-que-le-vea\/","url":"https:\/\/teatrogaleon.org\/wpgaleon\/index.php\/el-numero-13-aca-esta-pa-que-le-vea\/","name":"El N\u00famero 13: Ac\u00e1 est\u00e1 pa\u2019 que le vea - Teatro Gale\u00f3n","isPartOf":{"@id":"https:\/\/teatrogaleon.org\/wpgaleon\/#website"},"datePublished":"2021-05-25T19:19:47+00:00","dateModified":"2021-05-25T19:27:43+00:00","breadcrumb":{"@id":"https:\/\/teatrogaleon.org\/wpgaleon\/index.php\/el-numero-13-aca-esta-pa-que-le-vea\/#breadcrumb"},"inLanguage":"es","potentialAction":[{"@type":"ReadAction","target":["https:\/\/teatrogaleon.org\/wpgaleon\/index.php\/el-numero-13-aca-esta-pa-que-le-vea\/"]}]},{"@type":"BreadcrumbList","@id":"https:\/\/teatrogaleon.org\/wpgaleon\/index.php\/el-numero-13-aca-esta-pa-que-le-vea\/#breadcrumb","itemListElement":[{"@type":"ListItem","position":1,"name":"Portada","item":"https:\/\/teatrogaleon.org\/wpgaleon\/"},{"@type":"ListItem","position":2,"name":"El N\u00famero 13: Ac\u00e1 est\u00e1 pa\u2019 que le vea"}]},{"@type":"WebSite","@id":"https:\/\/teatrogaleon.org\/wpgaleon\/#website","url":"https:\/\/teatrogaleon.org\/wpgaleon\/","name":"Teatro Gale\u00f3n","description":"Teatro Gale\u00f3n","publisher":{"@id":"https:\/\/teatrogaleon.org\/wpgaleon\/#organization"},"potentialAction":[{"@type":"SearchAction","target":{"@type":"EntryPoint","urlTemplate":"https:\/\/teatrogaleon.org\/wpgaleon\/?s={search_term_string}"},"query-input":"required name=search_term_string"}],"inLanguage":"es"},{"@type":"Organization","@id":"https:\/\/teatrogaleon.org\/wpgaleon\/#organization","name":"Teatro Gale\u00f3n","url":"https:\/\/teatrogaleon.org\/wpgaleon\/","logo":{"@type":"ImageObject","inLanguage":"es","@id":"https:\/\/teatrogaleon.org\/wpgaleon\/#\/schema\/logo\/image\/","url":"https:\/\/teatrogaleon.org\/wpgaleon\/wp-content\/uploads\/2021\/06\/cropped-logo2.png","contentUrl":"https:\/\/teatrogaleon.org\/wpgaleon\/wp-content\/uploads\/2021\/06\/cropped-logo2.png","width":1079,"height":766,"caption":"Teatro Gale\u00f3n"},"image":{"@id":"https:\/\/teatrogaleon.org\/wpgaleon\/#\/schema\/logo\/image\/"}}]}},"_links":{"self":[{"href":"https:\/\/teatrogaleon.org\/wpgaleon\/index.php\/wp-json\/wp\/v2\/pages\/2864"}],"collection":[{"href":"https:\/\/teatrogaleon.org\/wpgaleon\/index.php\/wp-json\/wp\/v2\/pages"}],"about":[{"href":"https:\/\/teatrogaleon.org\/wpgaleon\/index.php\/wp-json\/wp\/v2\/types\/page"}],"author":[{"embeddable":true,"href":"https:\/\/teatrogaleon.org\/wpgaleon\/index.php\/wp-json\/wp\/v2\/users\/1"}],"replies":[{"embeddable":true,"href":"https:\/\/teatrogaleon.org\/wpgaleon\/index.php\/wp-json\/wp\/v2\/comments?post=2864"}],"version-history":[{"count":4,"href":"https:\/\/teatrogaleon.org\/wpgaleon\/index.php\/wp-json\/wp\/v2\/pages\/2864\/revisions"}],"predecessor-version":[{"id":2869,"href":"https:\/\/teatrogaleon.org\/wpgaleon\/index.php\/wp-json\/wp\/v2\/pages\/2864\/revisions\/2869"}],"wp:attachment":[{"href":"https:\/\/teatrogaleon.org\/wpgaleon\/index.php\/wp-json\/wp\/v2\/media?parent=2864"}],"curies":[{"name":"wp","href":"https:\/\/api.w.org\/{rel}","templated":true}]}}