{"id":2407,"date":"2021-01-28T00:14:37","date_gmt":"2021-01-28T00:14:37","guid":{"rendered":"https:\/\/teatrogaleon.org\/wpgaleon\/?page_id=2407"},"modified":"2021-05-29T22:39:41","modified_gmt":"2021-05-29T22:39:41","slug":"escuela","status":"publish","type":"page","link":"https:\/\/teatrogaleon.org\/wpgaleon\/index.php\/escuela\/","title":{"rendered":"Escuela"},"content":{"rendered":"\t\t<div data-elementor-type=\"wp-page\" data-elementor-id=\"2407\" class=\"elementor elementor-2407\" data-elementor-settings=\"[]\">\n\t\t\t\t\t\t<div class=\"elementor-inner\">\n\t\t\t\t\t\t\t<div class=\"elementor-section-wrap\">\n\t\t\t\t\t\t\t<section class=\"elementor-section elementor-top-section elementor-element elementor-element-ec928bb elementor-section-boxed elementor-section-height-default elementor-section-height-default\" data-id=\"ec928bb\" data-element_type=\"section\">\n\t\t\t\t\t\t<div class=\"elementor-container elementor-column-gap-default\">\n\t\t\t\t\t\t\t<div class=\"elementor-row\">\n\t\t\t\t\t<div class=\"elementor-column elementor-col-100 elementor-top-column elementor-element elementor-element-777f05d\" data-id=\"777f05d\" data-element_type=\"column\">\n\t\t\t<div class=\"elementor-column-wrap elementor-element-populated\">\n\t\t\t\t\t\t\t<div class=\"elementor-widget-wrap\">\n\t\t\t\t\t\t<div class=\"elementor-element elementor-element-3fa4554 elementor-widget elementor-widget-heading\" data-id=\"3fa4554\" data-element_type=\"widget\" data-widget_type=\"heading.default\">\n\t\t\t\t<div class=\"elementor-widget-container\">\n\t\t\t<h2 class=\"elementor-heading-title elementor-size-default\">Escuela<\/h2>\t\t<\/div>\n\t\t\t\t<\/div>\n\t\t\t\t\t\t<\/div>\n\t\t\t\t\t<\/div>\n\t\t<\/div>\n\t\t\t\t\t\t\t\t<\/div>\n\t\t\t\t\t<\/div>\n\t\t<\/section>\n\t\t\t\t<section class=\"elementor-section elementor-top-section elementor-element elementor-element-6505d9c elementor-section-boxed elementor-section-height-default elementor-section-height-default\" data-id=\"6505d9c\" data-element_type=\"section\">\n\t\t\t\t\t\t<div class=\"elementor-container elementor-column-gap-default\">\n\t\t\t\t\t\t\t<div class=\"elementor-row\">\n\t\t\t\t\t<div class=\"elementor-column elementor-col-100 elementor-top-column elementor-element elementor-element-3d34c3d\" data-id=\"3d34c3d\" data-element_type=\"column\">\n\t\t\t<div class=\"elementor-column-wrap elementor-element-populated\">\n\t\t\t\t\t\t\t<div class=\"elementor-widget-wrap\">\n\t\t\t\t\t\t<div class=\"elementor-element elementor-element-35fb4ed elementor-widget elementor-widget-text-editor\" data-id=\"35fb4ed\" data-element_type=\"widget\" data-widget_type=\"text-editor.default\">\n\t\t\t\t<div class=\"elementor-widget-container\">\n\t\t\t\t\t<div class=\"elementor-text-editor elementor-clearfix\"><p>NI<b>VEL 1:<\/b>\u00a0<\/p><p>EL JUEGO TEATRAL Y LA IMPROVISACI\u00d3N<br \/>OBJETIVO: Desarrollar habilidades para habitar el espacio esc\u00e9nico por medio del juego esc\u00e9nico. CONTENIDOS: \u2022 Introducci\u00f3n a la improvisaci\u00f3n teatral. \u2022 Trabajo sobre el cuerpo y sus posibilidades. \u2022 La voz y actos de habla. \u2022 Conciencia del trabajo.<\/p><p><b>NIVEL 2:<\/b>\u00a0<\/p><p>Acci\u00f3n dram\u00e1tica (M\u00e9todo de las acciones psicof\u00edsico \/ Creaci\u00f3n participativa).OBJETIVO: Reconocer la acci\u00f3n dram\u00e1tica y sus componentes para la construcci\u00f3n esc\u00e9nica.<br \/>CONTENIDOS: \u2022 La acci\u00f3n dram\u00e1tica y los elementos para la interpretaci\u00f3n \u2022An\u00e1lisis de texto \u2022 El objetivo. \u2022 El suceso dram\u00e1tico. \u2022 Las acciones psicof\u00edsicas del actor. \u2022 Construcci\u00f3n de personaje y montaje<\/p><p><b>NIVEL 3:<\/b>\u00a0<\/p><p>El personaje y su rol (T\u00e9cnica interpretativa del actor.<br \/>OBJETIVO: Construir un personaje y el desarrollo de su rol, empleando la acci\u00f3n y el objetivo como materia prima. CONTENIDOS: \u2022El trabajo previo. \u2022Trabajo aut\u00f3nomo \u2022Gimnasia emocional \u2022Ritual \u2022La escena y como abordarla desde la acci\u00f3n \u2022El texto y el objetivo \u2022Estructuraci\u00f3n<\/p><\/div>\n\t\t\t\t<\/div>\n\t\t\t\t<\/div>\n\t\t\t\t<div class=\"elementor-element elementor-element-7368467 elementor-widget elementor-widget-image-gallery\" data-id=\"7368467\" data-element_type=\"widget\" data-widget_type=\"image-gallery.default\">\n\t\t\t\t<div class=\"elementor-widget-container\">\n\t\t\t\t\t<div class=\"elementor-image-gallery\">\n\t\t\t<div id='gallery-1' class='gallery galleryid-2407 gallery-columns-6 gallery-size-thumbnail'><dl class='gallery-item'>\n\t\t\t<dt class='gallery-icon landscape'>\n\t\t\t\t<a data-elementor-open-lightbox=\"yes\" data-elementor-lightbox-slideshow=\"7368467\" data-elementor-lightbox-title=\"IMG_2465\" href='https:\/\/teatrogaleon.org\/wpgaleon\/wp-content\/uploads\/2021\/05\/IMG_2465-scaled.jpg'><img width=\"150\" height=\"150\" src=\"https:\/\/teatrogaleon.org\/wpgaleon\/wp-content\/uploads\/2021\/05\/IMG_2465-150x150.jpg\" class=\"attachment-thumbnail size-thumbnail\" alt=\"\" decoding=\"async\" srcset=\"https:\/\/teatrogaleon.org\/wpgaleon\/wp-content\/uploads\/2021\/05\/IMG_2465-150x150.jpg 150w, https:\/\/teatrogaleon.org\/wpgaleon\/wp-content\/uploads\/2021\/05\/IMG_2465-300x300.jpg 300w, https:\/\/teatrogaleon.org\/wpgaleon\/wp-content\/uploads\/2021\/05\/IMG_2465-100x100.jpg 100w\" sizes=\"(max-width: 150px) 100vw, 150px\" \/><\/a>\n\t\t\t<\/dt><\/dl><dl class='gallery-item'>\n\t\t\t<dt class='gallery-icon landscape'>\n\t\t\t\t<a data-elementor-open-lightbox=\"yes\" data-elementor-lightbox-slideshow=\"7368467\" data-elementor-lightbox-title=\"IMG_1084\" href='https:\/\/teatrogaleon.org\/wpgaleon\/wp-content\/uploads\/2021\/05\/IMG_1084-scaled.jpg'><img width=\"150\" height=\"150\" src=\"https:\/\/teatrogaleon.org\/wpgaleon\/wp-content\/uploads\/2021\/05\/IMG_1084-150x150.jpg\" class=\"attachment-thumbnail size-thumbnail\" alt=\"\" decoding=\"async\" srcset=\"https:\/\/teatrogaleon.org\/wpgaleon\/wp-content\/uploads\/2021\/05\/IMG_1084-150x150.jpg 150w, https:\/\/teatrogaleon.org\/wpgaleon\/wp-content\/uploads\/2021\/05\/IMG_1084-300x300.jpg 300w, https:\/\/teatrogaleon.org\/wpgaleon\/wp-content\/uploads\/2021\/05\/IMG_1084-100x100.jpg 100w\" sizes=\"(max-width: 150px) 100vw, 150px\" \/><\/a>\n\t\t\t<\/dt><\/dl><dl class='gallery-item'>\n\t\t\t<dt class='gallery-icon landscape'>\n\t\t\t\t<a data-elementor-open-lightbox=\"yes\" data-elementor-lightbox-slideshow=\"7368467\" data-elementor-lightbox-title=\"IMG_1099\" href='https:\/\/teatrogaleon.org\/wpgaleon\/wp-content\/uploads\/2021\/05\/IMG_1099-scaled.jpg'><img width=\"150\" height=\"150\" src=\"https:\/\/teatrogaleon.org\/wpgaleon\/wp-content\/uploads\/2021\/05\/IMG_1099-150x150.jpg\" class=\"attachment-thumbnail size-thumbnail\" alt=\"\" decoding=\"async\" srcset=\"https:\/\/teatrogaleon.org\/wpgaleon\/wp-content\/uploads\/2021\/05\/IMG_1099-150x150.jpg 150w, https:\/\/teatrogaleon.org\/wpgaleon\/wp-content\/uploads\/2021\/05\/IMG_1099-300x300.jpg 300w, https:\/\/teatrogaleon.org\/wpgaleon\/wp-content\/uploads\/2021\/05\/IMG_1099-100x100.jpg 100w\" sizes=\"(max-width: 150px) 100vw, 150px\" \/><\/a>\n\t\t\t<\/dt><\/dl><dl class='gallery-item'>\n\t\t\t<dt class='gallery-icon landscape'>\n\t\t\t\t<a data-elementor-open-lightbox=\"yes\" data-elementor-lightbox-slideshow=\"7368467\" data-elementor-lightbox-title=\"IMG_2171\" href='https:\/\/teatrogaleon.org\/wpgaleon\/wp-content\/uploads\/2021\/05\/IMG_2171-scaled.jpg'><img width=\"150\" height=\"150\" src=\"https:\/\/teatrogaleon.org\/wpgaleon\/wp-content\/uploads\/2021\/05\/IMG_2171-150x150.jpg\" class=\"attachment-thumbnail size-thumbnail\" alt=\"\" decoding=\"async\" srcset=\"https:\/\/teatrogaleon.org\/wpgaleon\/wp-content\/uploads\/2021\/05\/IMG_2171-150x150.jpg 150w, https:\/\/teatrogaleon.org\/wpgaleon\/wp-content\/uploads\/2021\/05\/IMG_2171-300x300.jpg 300w, https:\/\/teatrogaleon.org\/wpgaleon\/wp-content\/uploads\/2021\/05\/IMG_2171-100x100.jpg 100w\" sizes=\"(max-width: 150px) 100vw, 150px\" \/><\/a>\n\t\t\t<\/dt><\/dl><dl class='gallery-item'>\n\t\t\t<dt class='gallery-icon landscape'>\n\t\t\t\t<a data-elementor-open-lightbox=\"yes\" data-elementor-lightbox-slideshow=\"7368467\" data-elementor-lightbox-title=\"IMG_2176\" href='https:\/\/teatrogaleon.org\/wpgaleon\/wp-content\/uploads\/2021\/05\/IMG_2176-scaled.jpg'><img width=\"150\" height=\"150\" src=\"https:\/\/teatrogaleon.org\/wpgaleon\/wp-content\/uploads\/2021\/05\/IMG_2176-150x150.jpg\" class=\"attachment-thumbnail size-thumbnail\" alt=\"\" decoding=\"async\" srcset=\"https:\/\/teatrogaleon.org\/wpgaleon\/wp-content\/uploads\/2021\/05\/IMG_2176-150x150.jpg 150w, https:\/\/teatrogaleon.org\/wpgaleon\/wp-content\/uploads\/2021\/05\/IMG_2176-300x300.jpg 300w, https:\/\/teatrogaleon.org\/wpgaleon\/wp-content\/uploads\/2021\/05\/IMG_2176-100x100.jpg 100w\" sizes=\"(max-width: 150px) 100vw, 150px\" \/><\/a>\n\t\t\t<\/dt><\/dl><dl class='gallery-item'>\n\t\t\t<dt class='gallery-icon landscape'>\n\t\t\t\t<a data-elementor-open-lightbox=\"yes\" data-elementor-lightbox-slideshow=\"7368467\" data-elementor-lightbox-title=\"IMG_2200\" href='https:\/\/teatrogaleon.org\/wpgaleon\/wp-content\/uploads\/2021\/05\/IMG_2200-scaled.jpg'><img width=\"150\" height=\"150\" src=\"https:\/\/teatrogaleon.org\/wpgaleon\/wp-content\/uploads\/2021\/05\/IMG_2200-150x150.jpg\" class=\"attachment-thumbnail size-thumbnail\" alt=\"\" decoding=\"async\" srcset=\"https:\/\/teatrogaleon.org\/wpgaleon\/wp-content\/uploads\/2021\/05\/IMG_2200-150x150.jpg 150w, https:\/\/teatrogaleon.org\/wpgaleon\/wp-content\/uploads\/2021\/05\/IMG_2200-300x300.jpg 300w, https:\/\/teatrogaleon.org\/wpgaleon\/wp-content\/uploads\/2021\/05\/IMG_2200-100x100.jpg 100w\" sizes=\"(max-width: 150px) 100vw, 150px\" \/><\/a>\n\t\t\t<\/dt><\/dl><br style=\"clear: both\" \/>\n\t\t<\/div>\n\t\t<\/div>\n\t\t\t\t<\/div>\n\t\t\t\t<\/div>\n\t\t\t\t\t\t<\/div>\n\t\t\t\t\t<\/div>\n\t\t<\/div>\n\t\t\t\t\t\t\t\t<\/div>\n\t\t\t\t\t<\/div>\n\t\t<\/section>\n\t\t\t\t\t\t<\/div>\n\t\t\t\t\t\t<\/div>\n\t\t\t\t\t<\/div>\n\t\t","protected":false},"excerpt":{"rendered":"<p>Escuela NIVEL 1:\u00a0 EL JUEGO TEATRAL Y LA IMPROVISACI\u00d3NOBJETIVO: Desarrollar habilidades para habitar el espacio esc\u00e9nico por medio del juego esc\u00e9nico. CONTENIDOS: \u2022 Introducci\u00f3n a la improvisaci\u00f3n teatral. \u2022 Trabajo&hellip;&nbsp;<a href=\"https:\/\/teatrogaleon.org\/wpgaleon\/index.php\/escuela\/\" class=\"\" rel=\"bookmark\">Leer m\u00e1s &raquo;<span class=\"screen-reader-text\">Escuela<\/span><\/a><\/p>\n","protected":false},"author":1,"featured_media":0,"parent":0,"menu_order":0,"comment_status":"closed","ping_status":"closed","template":"page-templates\/template-pagebuilder-full-width.php","meta":{"neve_meta_sidebar":"full-width","neve_meta_container":"","neve_meta_enable_content_width":"on","neve_meta_content_width":100,"neve_meta_title_alignment":"","neve_meta_author_avatar":"","neve_post_elements_order":"","neve_meta_disable_header":"","neve_meta_disable_footer":"","neve_meta_disable_title":"","_joinchat":[]},"yoast_head":"<!-- This site is optimized with the Yoast SEO plugin v20.13 - https:\/\/yoast.com\/wordpress\/plugins\/seo\/ -->\n<title>Escuela - Teatro Gale\u00f3n<\/title>\n<meta name=\"robots\" content=\"index, follow, max-snippet:-1, max-image-preview:large, max-video-preview:-1\" \/>\n<link rel=\"canonical\" href=\"https:\/\/teatrogaleon.org\/wpgaleon\/index.php\/escuela\/\" \/>\n<meta property=\"og:locale\" content=\"es_ES\" \/>\n<meta property=\"og:type\" content=\"article\" \/>\n<meta property=\"og:title\" content=\"Escuela - Teatro Gale\u00f3n\" \/>\n<meta property=\"og:description\" content=\"Escuela NIVEL 1:\u00a0 EL JUEGO TEATRAL Y LA IMPROVISACI\u00d3NOBJETIVO: Desarrollar habilidades para habitar el espacio esc\u00e9nico por medio del juego esc\u00e9nico. CONTENIDOS: \u2022 Introducci\u00f3n a la improvisaci\u00f3n teatral. \u2022 Trabajo&hellip;&nbsp;Leer m\u00e1s &raquo;Escuela\" \/>\n<meta property=\"og:url\" content=\"https:\/\/teatrogaleon.org\/wpgaleon\/index.php\/escuela\/\" \/>\n<meta property=\"og:site_name\" content=\"Teatro Gale\u00f3n\" \/>\n<meta property=\"article:modified_time\" content=\"2021-05-29T22:39:41+00:00\" \/>\n<meta property=\"og:image\" content=\"https:\/\/teatrogaleon.org\/wpgaleon\/wp-content\/uploads\/2021\/05\/IMG_2465-150x150.jpg\" \/>\n<meta name=\"twitter:card\" content=\"summary_large_image\" \/>\n<meta name=\"twitter:label1\" content=\"Tiempo de lectura\" \/>\n\t<meta name=\"twitter:data1\" content=\"2 minutos\" \/>\n<script type=\"application\/ld+json\" class=\"yoast-schema-graph\">{\"@context\":\"https:\/\/schema.org\",\"@graph\":[{\"@type\":\"WebPage\",\"@id\":\"https:\/\/teatrogaleon.org\/wpgaleon\/index.php\/escuela\/\",\"url\":\"https:\/\/teatrogaleon.org\/wpgaleon\/index.php\/escuela\/\",\"name\":\"Escuela - Teatro Gale\u00f3n\",\"isPartOf\":{\"@id\":\"https:\/\/teatrogaleon.org\/wpgaleon\/#website\"},\"datePublished\":\"2021-01-28T00:14:37+00:00\",\"dateModified\":\"2021-05-29T22:39:41+00:00\",\"breadcrumb\":{\"@id\":\"https:\/\/teatrogaleon.org\/wpgaleon\/index.php\/escuela\/#breadcrumb\"},\"inLanguage\":\"es\",\"potentialAction\":[{\"@type\":\"ReadAction\",\"target\":[\"https:\/\/teatrogaleon.org\/wpgaleon\/index.php\/escuela\/\"]}]},{\"@type\":\"BreadcrumbList\",\"@id\":\"https:\/\/teatrogaleon.org\/wpgaleon\/index.php\/escuela\/#breadcrumb\",\"itemListElement\":[{\"@type\":\"ListItem\",\"position\":1,\"name\":\"Portada\",\"item\":\"https:\/\/teatrogaleon.org\/wpgaleon\/\"},{\"@type\":\"ListItem\",\"position\":2,\"name\":\"Escuela\"}]},{\"@type\":\"WebSite\",\"@id\":\"https:\/\/teatrogaleon.org\/wpgaleon\/#website\",\"url\":\"https:\/\/teatrogaleon.org\/wpgaleon\/\",\"name\":\"Teatro Gale\u00f3n\",\"description\":\"Teatro Gale\u00f3n\",\"publisher\":{\"@id\":\"https:\/\/teatrogaleon.org\/wpgaleon\/#organization\"},\"potentialAction\":[{\"@type\":\"SearchAction\",\"target\":{\"@type\":\"EntryPoint\",\"urlTemplate\":\"https:\/\/teatrogaleon.org\/wpgaleon\/?s={search_term_string}\"},\"query-input\":\"required name=search_term_string\"}],\"inLanguage\":\"es\"},{\"@type\":\"Organization\",\"@id\":\"https:\/\/teatrogaleon.org\/wpgaleon\/#organization\",\"name\":\"Teatro Gale\u00f3n\",\"url\":\"https:\/\/teatrogaleon.org\/wpgaleon\/\",\"logo\":{\"@type\":\"ImageObject\",\"inLanguage\":\"es\",\"@id\":\"https:\/\/teatrogaleon.org\/wpgaleon\/#\/schema\/logo\/image\/\",\"url\":\"https:\/\/teatrogaleon.org\/wpgaleon\/wp-content\/uploads\/2021\/06\/cropped-logo2.png\",\"contentUrl\":\"https:\/\/teatrogaleon.org\/wpgaleon\/wp-content\/uploads\/2021\/06\/cropped-logo2.png\",\"width\":1079,\"height\":766,\"caption\":\"Teatro Gale\u00f3n\"},\"image\":{\"@id\":\"https:\/\/teatrogaleon.org\/wpgaleon\/#\/schema\/logo\/image\/\"}}]}<\/script>\n<!-- \/ Yoast SEO plugin. -->","yoast_head_json":{"title":"Escuela - Teatro Gale\u00f3n","robots":{"index":"index","follow":"follow","max-snippet":"max-snippet:-1","max-image-preview":"max-image-preview:large","max-video-preview":"max-video-preview:-1"},"canonical":"https:\/\/teatrogaleon.org\/wpgaleon\/index.php\/escuela\/","og_locale":"es_ES","og_type":"article","og_title":"Escuela - Teatro Gale\u00f3n","og_description":"Escuela NIVEL 1:\u00a0 EL JUEGO TEATRAL Y LA IMPROVISACI\u00d3NOBJETIVO: Desarrollar habilidades para habitar el espacio esc\u00e9nico por medio del juego esc\u00e9nico. CONTENIDOS: \u2022 Introducci\u00f3n a la improvisaci\u00f3n teatral. \u2022 Trabajo&hellip;&nbsp;Leer m\u00e1s &raquo;Escuela","og_url":"https:\/\/teatrogaleon.org\/wpgaleon\/index.php\/escuela\/","og_site_name":"Teatro Gale\u00f3n","article_modified_time":"2021-05-29T22:39:41+00:00","og_image":[{"url":"https:\/\/teatrogaleon.org\/wpgaleon\/wp-content\/uploads\/2021\/05\/IMG_2465-150x150.jpg"}],"twitter_card":"summary_large_image","twitter_misc":{"Tiempo de lectura":"2 minutos"},"schema":{"@context":"https:\/\/schema.org","@graph":[{"@type":"WebPage","@id":"https:\/\/teatrogaleon.org\/wpgaleon\/index.php\/escuela\/","url":"https:\/\/teatrogaleon.org\/wpgaleon\/index.php\/escuela\/","name":"Escuela - Teatro Gale\u00f3n","isPartOf":{"@id":"https:\/\/teatrogaleon.org\/wpgaleon\/#website"},"datePublished":"2021-01-28T00:14:37+00:00","dateModified":"2021-05-29T22:39:41+00:00","breadcrumb":{"@id":"https:\/\/teatrogaleon.org\/wpgaleon\/index.php\/escuela\/#breadcrumb"},"inLanguage":"es","potentialAction":[{"@type":"ReadAction","target":["https:\/\/teatrogaleon.org\/wpgaleon\/index.php\/escuela\/"]}]},{"@type":"BreadcrumbList","@id":"https:\/\/teatrogaleon.org\/wpgaleon\/index.php\/escuela\/#breadcrumb","itemListElement":[{"@type":"ListItem","position":1,"name":"Portada","item":"https:\/\/teatrogaleon.org\/wpgaleon\/"},{"@type":"ListItem","position":2,"name":"Escuela"}]},{"@type":"WebSite","@id":"https:\/\/teatrogaleon.org\/wpgaleon\/#website","url":"https:\/\/teatrogaleon.org\/wpgaleon\/","name":"Teatro Gale\u00f3n","description":"Teatro Gale\u00f3n","publisher":{"@id":"https:\/\/teatrogaleon.org\/wpgaleon\/#organization"},"potentialAction":[{"@type":"SearchAction","target":{"@type":"EntryPoint","urlTemplate":"https:\/\/teatrogaleon.org\/wpgaleon\/?s={search_term_string}"},"query-input":"required name=search_term_string"}],"inLanguage":"es"},{"@type":"Organization","@id":"https:\/\/teatrogaleon.org\/wpgaleon\/#organization","name":"Teatro Gale\u00f3n","url":"https:\/\/teatrogaleon.org\/wpgaleon\/","logo":{"@type":"ImageObject","inLanguage":"es","@id":"https:\/\/teatrogaleon.org\/wpgaleon\/#\/schema\/logo\/image\/","url":"https:\/\/teatrogaleon.org\/wpgaleon\/wp-content\/uploads\/2021\/06\/cropped-logo2.png","contentUrl":"https:\/\/teatrogaleon.org\/wpgaleon\/wp-content\/uploads\/2021\/06\/cropped-logo2.png","width":1079,"height":766,"caption":"Teatro Gale\u00f3n"},"image":{"@id":"https:\/\/teatrogaleon.org\/wpgaleon\/#\/schema\/logo\/image\/"}}]}},"_links":{"self":[{"href":"https:\/\/teatrogaleon.org\/wpgaleon\/index.php\/wp-json\/wp\/v2\/pages\/2407"}],"collection":[{"href":"https:\/\/teatrogaleon.org\/wpgaleon\/index.php\/wp-json\/wp\/v2\/pages"}],"about":[{"href":"https:\/\/teatrogaleon.org\/wpgaleon\/index.php\/wp-json\/wp\/v2\/types\/page"}],"author":[{"embeddable":true,"href":"https:\/\/teatrogaleon.org\/wpgaleon\/index.php\/wp-json\/wp\/v2\/users\/1"}],"replies":[{"embeddable":true,"href":"https:\/\/teatrogaleon.org\/wpgaleon\/index.php\/wp-json\/wp\/v2\/comments?post=2407"}],"version-history":[{"count":28,"href":"https:\/\/teatrogaleon.org\/wpgaleon\/index.php\/wp-json\/wp\/v2\/pages\/2407\/revisions"}],"predecessor-version":[{"id":3052,"href":"https:\/\/teatrogaleon.org\/wpgaleon\/index.php\/wp-json\/wp\/v2\/pages\/2407\/revisions\/3052"}],"wp:attachment":[{"href":"https:\/\/teatrogaleon.org\/wpgaleon\/index.php\/wp-json\/wp\/v2\/media?parent=2407"}],"curies":[{"name":"wp","href":"https:\/\/api.w.org\/{rel}","templated":true}]}}