{"id":1848,"date":"2021-01-23T06:13:18","date_gmt":"2021-01-23T06:13:18","guid":{"rendered":"https:\/\/teatrogaleon.org\/wpgaleon\/?page_id=1848"},"modified":"2021-01-23T06:14:52","modified_gmt":"2021-01-23T06:14:52","slug":"eventos-artisticos","status":"publish","type":"page","link":"https:\/\/teatrogaleon.org\/wpgaleon\/index.php\/eventos-artisticos\/","title":{"rendered":"Eventos Art\u00edsticos"},"content":{"rendered":"\t\t<div data-elementor-type=\"wp-page\" data-elementor-id=\"1848\" class=\"elementor elementor-1848\" data-elementor-settings=\"[]\">\n\t\t\t\t\t\t<div class=\"elementor-inner\">\n\t\t\t\t\t\t\t<div class=\"elementor-section-wrap\">\n\t\t\t\t\t\t\t<section class=\"elementor-section elementor-top-section elementor-element elementor-element-2375510 elementor-section-boxed elementor-section-height-default elementor-section-height-default\" data-id=\"2375510\" data-element_type=\"section\">\n\t\t\t\t\t\t<div class=\"elementor-container elementor-column-gap-default\">\n\t\t\t\t\t\t\t<div class=\"elementor-row\">\n\t\t\t\t\t<div class=\"elementor-column elementor-col-100 elementor-top-column elementor-element elementor-element-a1c97c8\" data-id=\"a1c97c8\" data-element_type=\"column\">\n\t\t\t<div class=\"elementor-column-wrap elementor-element-populated\">\n\t\t\t\t\t\t\t<div class=\"elementor-widget-wrap\">\n\t\t\t\t\t\t<div class=\"elementor-element elementor-element-1f3f4f3 elementor-widget elementor-widget-heading\" data-id=\"1f3f4f3\" data-element_type=\"widget\" data-widget_type=\"heading.default\">\n\t\t\t\t<div class=\"elementor-widget-container\">\n\t\t\t<h2 class=\"elementor-heading-title elementor-size-default\">Eventos Art\u00edsticos <\/h2>\t\t<\/div>\n\t\t\t\t<\/div>\n\t\t\t\t\t\t<\/div>\n\t\t\t\t\t<\/div>\n\t\t<\/div>\n\t\t\t\t\t\t\t\t<\/div>\n\t\t\t\t\t<\/div>\n\t\t<\/section>\n\t\t\t\t<section class=\"elementor-section elementor-top-section elementor-element elementor-element-56685bd elementor-section-boxed elementor-section-height-default elementor-section-height-default\" data-id=\"56685bd\" data-element_type=\"section\">\n\t\t\t\t\t\t<div class=\"elementor-container elementor-column-gap-default\">\n\t\t\t\t\t\t\t<div class=\"elementor-row\">\n\t\t\t\t\t<div class=\"elementor-column elementor-col-50 elementor-top-column elementor-element elementor-element-3196faf\" data-id=\"3196faf\" data-element_type=\"column\">\n\t\t\t<div class=\"elementor-column-wrap\">\n\t\t\t\t\t\t\t<div class=\"elementor-widget-wrap\">\n\t\t\t\t\t\t\t\t<\/div>\n\t\t\t\t\t<\/div>\n\t\t<\/div>\n\t\t\t\t<div class=\"elementor-column elementor-col-50 elementor-top-column elementor-element elementor-element-0cb6c4d\" data-id=\"0cb6c4d\" data-element_type=\"column\">\n\t\t\t<div class=\"elementor-column-wrap elementor-element-populated\">\n\t\t\t\t\t\t\t<div class=\"elementor-widget-wrap\">\n\t\t\t\t\t\t<div class=\"elementor-element elementor-element-ffd8098 elementor-widget elementor-widget-text-editor\" data-id=\"ffd8098\" data-element_type=\"widget\" data-widget_type=\"text-editor.default\">\n\t\t\t\t<div class=\"elementor-widget-container\">\n\t\t\t\t\t<div class=\"elementor-text-editor elementor-clearfix\"><p>La Corporaci\u00f3n Cultural y Art\u00edstica Gale\u00f3n participa y ejecuta eventos art\u00edsticos para la comunidad y para empresas del sector p\u00fablico y privado que requieran de montajes teatrales para sus eventos y actividades culturales, dentro y fuera de sus instalaciones.<br \/>Asimismo, se encarga de la organizaci\u00f3n de dichos eventos, ofreciendo no s\u00f3lo teatro, sino tambi\u00e9n cuadros esc\u00e9nicos que incluyan otras manifestaciones art\u00edsticas, como la danza, la m\u00fasica, la literatura, los malabares, zancos, entre otros.<\/p><\/div>\n\t\t\t\t<\/div>\n\t\t\t\t<\/div>\n\t\t\t\t\t\t<\/div>\n\t\t\t\t\t<\/div>\n\t\t<\/div>\n\t\t\t\t\t\t\t\t<\/div>\n\t\t\t\t\t<\/div>\n\t\t<\/section>\n\t\t\t\t\t\t<\/div>\n\t\t\t\t\t\t<\/div>\n\t\t\t\t\t<\/div>\n\t\t","protected":false},"excerpt":{"rendered":"<p>Eventos Art\u00edsticos La Corporaci\u00f3n Cultural y Art\u00edstica Gale\u00f3n participa y ejecuta eventos art\u00edsticos para la comunidad y para empresas del sector p\u00fablico y privado que requieran de montajes teatrales para&hellip;&nbsp;<a href=\"https:\/\/teatrogaleon.org\/wpgaleon\/index.php\/eventos-artisticos\/\" class=\"\" rel=\"bookmark\">Leer m\u00e1s &raquo;<span class=\"screen-reader-text\">Eventos Art\u00edsticos<\/span><\/a><\/p>\n","protected":false},"author":1,"featured_media":0,"parent":0,"menu_order":0,"comment_status":"closed","ping_status":"closed","template":"page-templates\/template-pagebuilder-full-width.php","meta":{"neve_meta_sidebar":"full-width","neve_meta_container":"","neve_meta_enable_content_width":"on","neve_meta_content_width":100,"neve_meta_title_alignment":"","neve_meta_author_avatar":"","neve_post_elements_order":"","neve_meta_disable_header":"","neve_meta_disable_footer":"","neve_meta_disable_title":"","_joinchat":[]},"yoast_head":"<!-- This site is optimized with the Yoast SEO plugin v20.13 - https:\/\/yoast.com\/wordpress\/plugins\/seo\/ -->\n<title>Eventos Art\u00edsticos - Teatro Gale\u00f3n<\/title>\n<meta name=\"robots\" content=\"index, follow, max-snippet:-1, max-image-preview:large, max-video-preview:-1\" \/>\n<link rel=\"canonical\" href=\"https:\/\/teatrogaleon.org\/wpgaleon\/index.php\/eventos-artisticos\/\" \/>\n<meta property=\"og:locale\" content=\"es_ES\" \/>\n<meta property=\"og:type\" content=\"article\" \/>\n<meta property=\"og:title\" content=\"Eventos Art\u00edsticos - Teatro Gale\u00f3n\" \/>\n<meta property=\"og:description\" content=\"Eventos Art\u00edsticos La Corporaci\u00f3n Cultural y Art\u00edstica Gale\u00f3n participa y ejecuta eventos art\u00edsticos para la comunidad y para empresas del sector p\u00fablico y privado que requieran de montajes teatrales para&hellip;&nbsp;Leer m\u00e1s &raquo;Eventos Art\u00edsticos\" \/>\n<meta property=\"og:url\" content=\"https:\/\/teatrogaleon.org\/wpgaleon\/index.php\/eventos-artisticos\/\" \/>\n<meta property=\"og:site_name\" content=\"Teatro Gale\u00f3n\" \/>\n<meta property=\"article:modified_time\" content=\"2021-01-23T06:14:52+00:00\" \/>\n<meta name=\"twitter:card\" content=\"summary_large_image\" \/>\n<meta name=\"twitter:label1\" content=\"Tiempo de lectura\" \/>\n\t<meta name=\"twitter:data1\" content=\"1 minuto\" \/>\n<script type=\"application\/ld+json\" class=\"yoast-schema-graph\">{\"@context\":\"https:\/\/schema.org\",\"@graph\":[{\"@type\":\"WebPage\",\"@id\":\"https:\/\/teatrogaleon.org\/wpgaleon\/index.php\/eventos-artisticos\/\",\"url\":\"https:\/\/teatrogaleon.org\/wpgaleon\/index.php\/eventos-artisticos\/\",\"name\":\"Eventos Art\u00edsticos - Teatro Gale\u00f3n\",\"isPartOf\":{\"@id\":\"https:\/\/teatrogaleon.org\/wpgaleon\/#website\"},\"datePublished\":\"2021-01-23T06:13:18+00:00\",\"dateModified\":\"2021-01-23T06:14:52+00:00\",\"breadcrumb\":{\"@id\":\"https:\/\/teatrogaleon.org\/wpgaleon\/index.php\/eventos-artisticos\/#breadcrumb\"},\"inLanguage\":\"es\",\"potentialAction\":[{\"@type\":\"ReadAction\",\"target\":[\"https:\/\/teatrogaleon.org\/wpgaleon\/index.php\/eventos-artisticos\/\"]}]},{\"@type\":\"BreadcrumbList\",\"@id\":\"https:\/\/teatrogaleon.org\/wpgaleon\/index.php\/eventos-artisticos\/#breadcrumb\",\"itemListElement\":[{\"@type\":\"ListItem\",\"position\":1,\"name\":\"Portada\",\"item\":\"https:\/\/teatrogaleon.org\/wpgaleon\/\"},{\"@type\":\"ListItem\",\"position\":2,\"name\":\"Eventos Art\u00edsticos\"}]},{\"@type\":\"WebSite\",\"@id\":\"https:\/\/teatrogaleon.org\/wpgaleon\/#website\",\"url\":\"https:\/\/teatrogaleon.org\/wpgaleon\/\",\"name\":\"Teatro Gale\u00f3n\",\"description\":\"Teatro Gale\u00f3n\",\"publisher\":{\"@id\":\"https:\/\/teatrogaleon.org\/wpgaleon\/#organization\"},\"potentialAction\":[{\"@type\":\"SearchAction\",\"target\":{\"@type\":\"EntryPoint\",\"urlTemplate\":\"https:\/\/teatrogaleon.org\/wpgaleon\/?s={search_term_string}\"},\"query-input\":\"required name=search_term_string\"}],\"inLanguage\":\"es\"},{\"@type\":\"Organization\",\"@id\":\"https:\/\/teatrogaleon.org\/wpgaleon\/#organization\",\"name\":\"Teatro Gale\u00f3n\",\"url\":\"https:\/\/teatrogaleon.org\/wpgaleon\/\",\"logo\":{\"@type\":\"ImageObject\",\"inLanguage\":\"es\",\"@id\":\"https:\/\/teatrogaleon.org\/wpgaleon\/#\/schema\/logo\/image\/\",\"url\":\"https:\/\/teatrogaleon.org\/wpgaleon\/wp-content\/uploads\/2021\/06\/cropped-logo2.png\",\"contentUrl\":\"https:\/\/teatrogaleon.org\/wpgaleon\/wp-content\/uploads\/2021\/06\/cropped-logo2.png\",\"width\":1079,\"height\":766,\"caption\":\"Teatro Gale\u00f3n\"},\"image\":{\"@id\":\"https:\/\/teatrogaleon.org\/wpgaleon\/#\/schema\/logo\/image\/\"}}]}<\/script>\n<!-- \/ Yoast SEO plugin. -->","yoast_head_json":{"title":"Eventos Art\u00edsticos - Teatro Gale\u00f3n","robots":{"index":"index","follow":"follow","max-snippet":"max-snippet:-1","max-image-preview":"max-image-preview:large","max-video-preview":"max-video-preview:-1"},"canonical":"https:\/\/teatrogaleon.org\/wpgaleon\/index.php\/eventos-artisticos\/","og_locale":"es_ES","og_type":"article","og_title":"Eventos Art\u00edsticos - Teatro Gale\u00f3n","og_description":"Eventos Art\u00edsticos La Corporaci\u00f3n Cultural y Art\u00edstica Gale\u00f3n participa y ejecuta eventos art\u00edsticos para la comunidad y para empresas del sector p\u00fablico y privado que requieran de montajes teatrales para&hellip;&nbsp;Leer m\u00e1s &raquo;Eventos Art\u00edsticos","og_url":"https:\/\/teatrogaleon.org\/wpgaleon\/index.php\/eventos-artisticos\/","og_site_name":"Teatro Gale\u00f3n","article_modified_time":"2021-01-23T06:14:52+00:00","twitter_card":"summary_large_image","twitter_misc":{"Tiempo de lectura":"1 minuto"},"schema":{"@context":"https:\/\/schema.org","@graph":[{"@type":"WebPage","@id":"https:\/\/teatrogaleon.org\/wpgaleon\/index.php\/eventos-artisticos\/","url":"https:\/\/teatrogaleon.org\/wpgaleon\/index.php\/eventos-artisticos\/","name":"Eventos Art\u00edsticos - Teatro Gale\u00f3n","isPartOf":{"@id":"https:\/\/teatrogaleon.org\/wpgaleon\/#website"},"datePublished":"2021-01-23T06:13:18+00:00","dateModified":"2021-01-23T06:14:52+00:00","breadcrumb":{"@id":"https:\/\/teatrogaleon.org\/wpgaleon\/index.php\/eventos-artisticos\/#breadcrumb"},"inLanguage":"es","potentialAction":[{"@type":"ReadAction","target":["https:\/\/teatrogaleon.org\/wpgaleon\/index.php\/eventos-artisticos\/"]}]},{"@type":"BreadcrumbList","@id":"https:\/\/teatrogaleon.org\/wpgaleon\/index.php\/eventos-artisticos\/#breadcrumb","itemListElement":[{"@type":"ListItem","position":1,"name":"Portada","item":"https:\/\/teatrogaleon.org\/wpgaleon\/"},{"@type":"ListItem","position":2,"name":"Eventos Art\u00edsticos"}]},{"@type":"WebSite","@id":"https:\/\/teatrogaleon.org\/wpgaleon\/#website","url":"https:\/\/teatrogaleon.org\/wpgaleon\/","name":"Teatro Gale\u00f3n","description":"Teatro Gale\u00f3n","publisher":{"@id":"https:\/\/teatrogaleon.org\/wpgaleon\/#organization"},"potentialAction":[{"@type":"SearchAction","target":{"@type":"EntryPoint","urlTemplate":"https:\/\/teatrogaleon.org\/wpgaleon\/?s={search_term_string}"},"query-input":"required name=search_term_string"}],"inLanguage":"es"},{"@type":"Organization","@id":"https:\/\/teatrogaleon.org\/wpgaleon\/#organization","name":"Teatro Gale\u00f3n","url":"https:\/\/teatrogaleon.org\/wpgaleon\/","logo":{"@type":"ImageObject","inLanguage":"es","@id":"https:\/\/teatrogaleon.org\/wpgaleon\/#\/schema\/logo\/image\/","url":"https:\/\/teatrogaleon.org\/wpgaleon\/wp-content\/uploads\/2021\/06\/cropped-logo2.png","contentUrl":"https:\/\/teatrogaleon.org\/wpgaleon\/wp-content\/uploads\/2021\/06\/cropped-logo2.png","width":1079,"height":766,"caption":"Teatro Gale\u00f3n"},"image":{"@id":"https:\/\/teatrogaleon.org\/wpgaleon\/#\/schema\/logo\/image\/"}}]}},"_links":{"self":[{"href":"https:\/\/teatrogaleon.org\/wpgaleon\/index.php\/wp-json\/wp\/v2\/pages\/1848"}],"collection":[{"href":"https:\/\/teatrogaleon.org\/wpgaleon\/index.php\/wp-json\/wp\/v2\/pages"}],"about":[{"href":"https:\/\/teatrogaleon.org\/wpgaleon\/index.php\/wp-json\/wp\/v2\/types\/page"}],"author":[{"embeddable":true,"href":"https:\/\/teatrogaleon.org\/wpgaleon\/index.php\/wp-json\/wp\/v2\/users\/1"}],"replies":[{"embeddable":true,"href":"https:\/\/teatrogaleon.org\/wpgaleon\/index.php\/wp-json\/wp\/v2\/comments?post=1848"}],"version-history":[{"count":4,"href":"https:\/\/teatrogaleon.org\/wpgaleon\/index.php\/wp-json\/wp\/v2\/pages\/1848\/revisions"}],"predecessor-version":[{"id":1852,"href":"https:\/\/teatrogaleon.org\/wpgaleon\/index.php\/wp-json\/wp\/v2\/pages\/1848\/revisions\/1852"}],"wp:attachment":[{"href":"https:\/\/teatrogaleon.org\/wpgaleon\/index.php\/wp-json\/wp\/v2\/media?parent=1848"}],"curies":[{"name":"wp","href":"https:\/\/api.w.org\/{rel}","templated":true}]}}