{"id":1838,"date":"2021-01-23T06:04:58","date_gmt":"2021-01-23T06:04:58","guid":{"rendered":"https:\/\/teatrogaleon.org\/wpgaleon\/?page_id=1838"},"modified":"2021-01-23T06:08:09","modified_gmt":"2021-01-23T06:08:09","slug":"formacion-artista","status":"publish","type":"page","link":"https:\/\/teatrogaleon.org\/wpgaleon\/index.php\/formacion-artista\/","title":{"rendered":"Formaci\u00f3n Artista"},"content":{"rendered":"\t\t<div data-elementor-type=\"wp-page\" data-elementor-id=\"1838\" class=\"elementor elementor-1838\" data-elementor-settings=\"[]\">\n\t\t\t\t\t\t<div class=\"elementor-inner\">\n\t\t\t\t\t\t\t<div class=\"elementor-section-wrap\">\n\t\t\t\t\t\t\t<section class=\"elementor-section elementor-top-section elementor-element elementor-element-2966f04 elementor-section-boxed elementor-section-height-default elementor-section-height-default\" data-id=\"2966f04\" data-element_type=\"section\">\n\t\t\t\t\t\t<div class=\"elementor-container elementor-column-gap-default\">\n\t\t\t\t\t\t\t<div class=\"elementor-row\">\n\t\t\t\t\t<div class=\"elementor-column elementor-col-100 elementor-top-column elementor-element elementor-element-da261cf\" data-id=\"da261cf\" data-element_type=\"column\">\n\t\t\t<div class=\"elementor-column-wrap elementor-element-populated\">\n\t\t\t\t\t\t\t<div class=\"elementor-widget-wrap\">\n\t\t\t\t\t\t<div class=\"elementor-element elementor-element-0870eb3 elementor-widget elementor-widget-heading\" data-id=\"0870eb3\" data-element_type=\"widget\" data-widget_type=\"heading.default\">\n\t\t\t\t<div class=\"elementor-widget-container\">\n\t\t\t<h2 class=\"elementor-heading-title elementor-size-default\">Formaci\u00f3n Art\u00edstica <\/h2>\t\t<\/div>\n\t\t\t\t<\/div>\n\t\t\t\t\t\t<\/div>\n\t\t\t\t\t<\/div>\n\t\t<\/div>\n\t\t\t\t\t\t\t\t<\/div>\n\t\t\t\t\t<\/div>\n\t\t<\/section>\n\t\t\t\t<section class=\"elementor-section elementor-top-section elementor-element elementor-element-f5cb680 elementor-section-boxed elementor-section-height-default elementor-section-height-default\" data-id=\"f5cb680\" data-element_type=\"section\">\n\t\t\t\t\t\t<div class=\"elementor-container elementor-column-gap-default\">\n\t\t\t\t\t\t\t<div class=\"elementor-row\">\n\t\t\t\t\t<div class=\"elementor-column elementor-col-50 elementor-top-column elementor-element elementor-element-cece67c\" data-id=\"cece67c\" data-element_type=\"column\">\n\t\t\t<div class=\"elementor-column-wrap\">\n\t\t\t\t\t\t\t<div class=\"elementor-widget-wrap\">\n\t\t\t\t\t\t\t\t<\/div>\n\t\t\t\t\t<\/div>\n\t\t<\/div>\n\t\t\t\t<div class=\"elementor-column elementor-col-50 elementor-top-column elementor-element elementor-element-5c5838c\" data-id=\"5c5838c\" data-element_type=\"column\">\n\t\t\t<div class=\"elementor-column-wrap elementor-element-populated\">\n\t\t\t\t\t\t\t<div class=\"elementor-widget-wrap\">\n\t\t\t\t\t\t<div class=\"elementor-element elementor-element-59ed081 elementor-widget elementor-widget-text-editor\" data-id=\"59ed081\" data-element_type=\"widget\" data-widget_type=\"text-editor.default\">\n\t\t\t\t<div class=\"elementor-widget-container\">\n\t\t\t\t\t<div class=\"elementor-text-editor elementor-clearfix\"><p>En el Teatro Gale\u00f3n ofrecemos espacios para la formaci\u00f3n art\u00edstica, donde ni\u00f1os y j\u00f3venes pueden ser part\u00edcipes de procesos de construcci\u00f3n de tejido social, a trav\u00e9s del arte. As\u00ed, tenemos a su disposici\u00f3n talleres de formaci\u00f3n en diversas \u00e1reas teatrales y musicales. En la actualidad, los talleres vigentes son: Iniciaci\u00f3n Teatral (niveles 1, 2, 3 y 4), , Expresi\u00f3n oral y escrita (niveles 1, 2 y 3), . A trav\u00e9s de estos procesos comunitarios, la Corporaci\u00f3n pretende formar una escuela de creaci\u00f3n art\u00edstica, con la cual pueda aportar a la sensibilizaci\u00f3n teatral en el municipio de Bello y, a la par, ir incluyendo personas capacitadas en su elenco de actores para el montaje de futuras obras de teatro.<\/p><\/div>\n\t\t\t\t<\/div>\n\t\t\t\t<\/div>\n\t\t\t\t\t\t<\/div>\n\t\t\t\t\t<\/div>\n\t\t<\/div>\n\t\t\t\t\t\t\t\t<\/div>\n\t\t\t\t\t<\/div>\n\t\t<\/section>\n\t\t\t\t<section class=\"elementor-section elementor-top-section elementor-element elementor-element-b9851bd elementor-section-boxed elementor-section-height-default elementor-section-height-default\" data-id=\"b9851bd\" data-element_type=\"section\">\n\t\t\t\t\t\t<div class=\"elementor-container elementor-column-gap-default\">\n\t\t\t\t\t\t\t<div class=\"elementor-row\">\n\t\t\t\t\t<div class=\"elementor-column elementor-col-100 elementor-top-column elementor-element elementor-element-60f9550\" data-id=\"60f9550\" data-element_type=\"column\">\n\t\t\t<div class=\"elementor-column-wrap elementor-element-populated\">\n\t\t\t\t\t\t\t<div class=\"elementor-widget-wrap\">\n\t\t\t\t\t\t<div class=\"elementor-element elementor-element-2e74f3e elementor-widget elementor-widget-text-editor\" data-id=\"2e74f3e\" data-element_type=\"widget\" data-widget_type=\"text-editor.default\">\n\t\t\t\t<div class=\"elementor-widget-container\">\n\t\t\t\t\t<div class=\"elementor-text-editor elementor-clearfix\"><p>TEATRO JUVENIL<\/p><p>TEATRO ADULTOS<\/p><p>TEATRO INFANTIL\u00a0<\/p><p>TEATRO PRE-JUVENIL<\/p><p>EXPRESI\u00d3N ORAL Y ESCRITA<\/p><\/div>\n\t\t\t\t<\/div>\n\t\t\t\t<\/div>\n\t\t\t\t\t\t<\/div>\n\t\t\t\t\t<\/div>\n\t\t<\/div>\n\t\t\t\t\t\t\t\t<\/div>\n\t\t\t\t\t<\/div>\n\t\t<\/section>\n\t\t\t\t\t\t<\/div>\n\t\t\t\t\t\t<\/div>\n\t\t\t\t\t<\/div>\n\t\t","protected":false},"excerpt":{"rendered":"<p>Formaci\u00f3n Art\u00edstica En el Teatro Gale\u00f3n ofrecemos espacios para la formaci\u00f3n art\u00edstica, donde ni\u00f1os y j\u00f3venes pueden ser part\u00edcipes de procesos de construcci\u00f3n de tejido social, a trav\u00e9s del arte.&hellip;&nbsp;<a href=\"https:\/\/teatrogaleon.org\/wpgaleon\/index.php\/formacion-artista\/\" class=\"\" rel=\"bookmark\">Leer m\u00e1s &raquo;<span class=\"screen-reader-text\">Formaci\u00f3n Artista<\/span><\/a><\/p>\n","protected":false},"author":1,"featured_media":0,"parent":0,"menu_order":0,"comment_status":"closed","ping_status":"closed","template":"page-templates\/template-pagebuilder-full-width.php","meta":{"neve_meta_sidebar":"full-width","neve_meta_container":"","neve_meta_enable_content_width":"on","neve_meta_content_width":100,"neve_meta_title_alignment":"","neve_meta_author_avatar":"","neve_post_elements_order":"","neve_meta_disable_header":"","neve_meta_disable_footer":"","neve_meta_disable_title":"","_joinchat":[]},"yoast_head":"<!-- This site is optimized with the Yoast SEO plugin v20.13 - https:\/\/yoast.com\/wordpress\/plugins\/seo\/ -->\n<title>Formaci\u00f3n Artista - Teatro Gale\u00f3n<\/title>\n<meta name=\"robots\" content=\"index, follow, max-snippet:-1, max-image-preview:large, max-video-preview:-1\" \/>\n<link rel=\"canonical\" href=\"https:\/\/teatrogaleon.org\/wpgaleon\/index.php\/formacion-artista\/\" \/>\n<meta property=\"og:locale\" content=\"es_ES\" \/>\n<meta property=\"og:type\" content=\"article\" \/>\n<meta property=\"og:title\" content=\"Formaci\u00f3n Artista - Teatro Gale\u00f3n\" \/>\n<meta property=\"og:description\" content=\"Formaci\u00f3n Art\u00edstica En el Teatro Gale\u00f3n ofrecemos espacios para la formaci\u00f3n art\u00edstica, donde ni\u00f1os y j\u00f3venes pueden ser part\u00edcipes de procesos de construcci\u00f3n de tejido social, a trav\u00e9s del arte.&hellip;&nbsp;Leer m\u00e1s &raquo;Formaci\u00f3n Artista\" \/>\n<meta property=\"og:url\" content=\"https:\/\/teatrogaleon.org\/wpgaleon\/index.php\/formacion-artista\/\" \/>\n<meta property=\"og:site_name\" content=\"Teatro Gale\u00f3n\" \/>\n<meta property=\"article:modified_time\" content=\"2021-01-23T06:08:09+00:00\" \/>\n<meta name=\"twitter:card\" content=\"summary_large_image\" \/>\n<meta name=\"twitter:label1\" content=\"Tiempo de lectura\" \/>\n\t<meta name=\"twitter:data1\" content=\"1 minuto\" \/>\n<script type=\"application\/ld+json\" class=\"yoast-schema-graph\">{\"@context\":\"https:\/\/schema.org\",\"@graph\":[{\"@type\":\"WebPage\",\"@id\":\"https:\/\/teatrogaleon.org\/wpgaleon\/index.php\/formacion-artista\/\",\"url\":\"https:\/\/teatrogaleon.org\/wpgaleon\/index.php\/formacion-artista\/\",\"name\":\"Formaci\u00f3n Artista - Teatro Gale\u00f3n\",\"isPartOf\":{\"@id\":\"https:\/\/teatrogaleon.org\/wpgaleon\/#website\"},\"datePublished\":\"2021-01-23T06:04:58+00:00\",\"dateModified\":\"2021-01-23T06:08:09+00:00\",\"breadcrumb\":{\"@id\":\"https:\/\/teatrogaleon.org\/wpgaleon\/index.php\/formacion-artista\/#breadcrumb\"},\"inLanguage\":\"es\",\"potentialAction\":[{\"@type\":\"ReadAction\",\"target\":[\"https:\/\/teatrogaleon.org\/wpgaleon\/index.php\/formacion-artista\/\"]}]},{\"@type\":\"BreadcrumbList\",\"@id\":\"https:\/\/teatrogaleon.org\/wpgaleon\/index.php\/formacion-artista\/#breadcrumb\",\"itemListElement\":[{\"@type\":\"ListItem\",\"position\":1,\"name\":\"Portada\",\"item\":\"https:\/\/teatrogaleon.org\/wpgaleon\/\"},{\"@type\":\"ListItem\",\"position\":2,\"name\":\"Formaci\u00f3n Artista\"}]},{\"@type\":\"WebSite\",\"@id\":\"https:\/\/teatrogaleon.org\/wpgaleon\/#website\",\"url\":\"https:\/\/teatrogaleon.org\/wpgaleon\/\",\"name\":\"Teatro Gale\u00f3n\",\"description\":\"Teatro Gale\u00f3n\",\"publisher\":{\"@id\":\"https:\/\/teatrogaleon.org\/wpgaleon\/#organization\"},\"potentialAction\":[{\"@type\":\"SearchAction\",\"target\":{\"@type\":\"EntryPoint\",\"urlTemplate\":\"https:\/\/teatrogaleon.org\/wpgaleon\/?s={search_term_string}\"},\"query-input\":\"required name=search_term_string\"}],\"inLanguage\":\"es\"},{\"@type\":\"Organization\",\"@id\":\"https:\/\/teatrogaleon.org\/wpgaleon\/#organization\",\"name\":\"Teatro Gale\u00f3n\",\"url\":\"https:\/\/teatrogaleon.org\/wpgaleon\/\",\"logo\":{\"@type\":\"ImageObject\",\"inLanguage\":\"es\",\"@id\":\"https:\/\/teatrogaleon.org\/wpgaleon\/#\/schema\/logo\/image\/\",\"url\":\"https:\/\/teatrogaleon.org\/wpgaleon\/wp-content\/uploads\/2021\/06\/cropped-logo2.png\",\"contentUrl\":\"https:\/\/teatrogaleon.org\/wpgaleon\/wp-content\/uploads\/2021\/06\/cropped-logo2.png\",\"width\":1079,\"height\":766,\"caption\":\"Teatro Gale\u00f3n\"},\"image\":{\"@id\":\"https:\/\/teatrogaleon.org\/wpgaleon\/#\/schema\/logo\/image\/\"}}]}<\/script>\n<!-- \/ Yoast SEO plugin. -->","yoast_head_json":{"title":"Formaci\u00f3n Artista - Teatro Gale\u00f3n","robots":{"index":"index","follow":"follow","max-snippet":"max-snippet:-1","max-image-preview":"max-image-preview:large","max-video-preview":"max-video-preview:-1"},"canonical":"https:\/\/teatrogaleon.org\/wpgaleon\/index.php\/formacion-artista\/","og_locale":"es_ES","og_type":"article","og_title":"Formaci\u00f3n Artista - Teatro Gale\u00f3n","og_description":"Formaci\u00f3n Art\u00edstica En el Teatro Gale\u00f3n ofrecemos espacios para la formaci\u00f3n art\u00edstica, donde ni\u00f1os y j\u00f3venes pueden ser part\u00edcipes de procesos de construcci\u00f3n de tejido social, a trav\u00e9s del arte.&hellip;&nbsp;Leer m\u00e1s &raquo;Formaci\u00f3n Artista","og_url":"https:\/\/teatrogaleon.org\/wpgaleon\/index.php\/formacion-artista\/","og_site_name":"Teatro Gale\u00f3n","article_modified_time":"2021-01-23T06:08:09+00:00","twitter_card":"summary_large_image","twitter_misc":{"Tiempo de lectura":"1 minuto"},"schema":{"@context":"https:\/\/schema.org","@graph":[{"@type":"WebPage","@id":"https:\/\/teatrogaleon.org\/wpgaleon\/index.php\/formacion-artista\/","url":"https:\/\/teatrogaleon.org\/wpgaleon\/index.php\/formacion-artista\/","name":"Formaci\u00f3n Artista - Teatro Gale\u00f3n","isPartOf":{"@id":"https:\/\/teatrogaleon.org\/wpgaleon\/#website"},"datePublished":"2021-01-23T06:04:58+00:00","dateModified":"2021-01-23T06:08:09+00:00","breadcrumb":{"@id":"https:\/\/teatrogaleon.org\/wpgaleon\/index.php\/formacion-artista\/#breadcrumb"},"inLanguage":"es","potentialAction":[{"@type":"ReadAction","target":["https:\/\/teatrogaleon.org\/wpgaleon\/index.php\/formacion-artista\/"]}]},{"@type":"BreadcrumbList","@id":"https:\/\/teatrogaleon.org\/wpgaleon\/index.php\/formacion-artista\/#breadcrumb","itemListElement":[{"@type":"ListItem","position":1,"name":"Portada","item":"https:\/\/teatrogaleon.org\/wpgaleon\/"},{"@type":"ListItem","position":2,"name":"Formaci\u00f3n Artista"}]},{"@type":"WebSite","@id":"https:\/\/teatrogaleon.org\/wpgaleon\/#website","url":"https:\/\/teatrogaleon.org\/wpgaleon\/","name":"Teatro Gale\u00f3n","description":"Teatro Gale\u00f3n","publisher":{"@id":"https:\/\/teatrogaleon.org\/wpgaleon\/#organization"},"potentialAction":[{"@type":"SearchAction","target":{"@type":"EntryPoint","urlTemplate":"https:\/\/teatrogaleon.org\/wpgaleon\/?s={search_term_string}"},"query-input":"required name=search_term_string"}],"inLanguage":"es"},{"@type":"Organization","@id":"https:\/\/teatrogaleon.org\/wpgaleon\/#organization","name":"Teatro Gale\u00f3n","url":"https:\/\/teatrogaleon.org\/wpgaleon\/","logo":{"@type":"ImageObject","inLanguage":"es","@id":"https:\/\/teatrogaleon.org\/wpgaleon\/#\/schema\/logo\/image\/","url":"https:\/\/teatrogaleon.org\/wpgaleon\/wp-content\/uploads\/2021\/06\/cropped-logo2.png","contentUrl":"https:\/\/teatrogaleon.org\/wpgaleon\/wp-content\/uploads\/2021\/06\/cropped-logo2.png","width":1079,"height":766,"caption":"Teatro Gale\u00f3n"},"image":{"@id":"https:\/\/teatrogaleon.org\/wpgaleon\/#\/schema\/logo\/image\/"}}]}},"_links":{"self":[{"href":"https:\/\/teatrogaleon.org\/wpgaleon\/index.php\/wp-json\/wp\/v2\/pages\/1838"}],"collection":[{"href":"https:\/\/teatrogaleon.org\/wpgaleon\/index.php\/wp-json\/wp\/v2\/pages"}],"about":[{"href":"https:\/\/teatrogaleon.org\/wpgaleon\/index.php\/wp-json\/wp\/v2\/types\/page"}],"author":[{"embeddable":true,"href":"https:\/\/teatrogaleon.org\/wpgaleon\/index.php\/wp-json\/wp\/v2\/users\/1"}],"replies":[{"embeddable":true,"href":"https:\/\/teatrogaleon.org\/wpgaleon\/index.php\/wp-json\/wp\/v2\/comments?post=1838"}],"version-history":[{"count":4,"href":"https:\/\/teatrogaleon.org\/wpgaleon\/index.php\/wp-json\/wp\/v2\/pages\/1838\/revisions"}],"predecessor-version":[{"id":1842,"href":"https:\/\/teatrogaleon.org\/wpgaleon\/index.php\/wp-json\/wp\/v2\/pages\/1838\/revisions\/1842"}],"wp:attachment":[{"href":"https:\/\/teatrogaleon.org\/wpgaleon\/index.php\/wp-json\/wp\/v2\/media?parent=1838"}],"curies":[{"name":"wp","href":"https:\/\/api.w.org\/{rel}","templated":true}]}}