{"id":1811,"date":"2021-01-23T05:34:31","date_gmt":"2021-01-23T05:34:31","guid":{"rendered":"https:\/\/teatrogaleon.org\/wpgaleon\/?page_id=1811"},"modified":"2021-01-28T19:01:17","modified_gmt":"2021-01-28T19:01:17","slug":"nuestros-servicios","status":"publish","type":"page","link":"https:\/\/teatrogaleon.org\/wpgaleon\/index.php\/nuestros-servicios\/","title":{"rendered":"Nuestros Servicios"},"content":{"rendered":"\t\t<div data-elementor-type=\"wp-page\" data-elementor-id=\"1811\" class=\"elementor elementor-1811\" data-elementor-settings=\"[]\">\n\t\t\t\t\t\t<div class=\"elementor-inner\">\n\t\t\t\t\t\t\t<div class=\"elementor-section-wrap\">\n\t\t\t\t\t\t\t<section class=\"elementor-section elementor-top-section elementor-element elementor-element-9a25a1a elementor-section-height-min-height elementor-section-stretched elementor-section-boxed elementor-section-height-default elementor-section-items-middle\" data-id=\"9a25a1a\" data-element_type=\"section\" data-settings=\"{&quot;background_background&quot;:&quot;classic&quot;,&quot;stretch_section&quot;:&quot;section-stretched&quot;}\">\n\t\t\t\t\t\t<div class=\"elementor-container elementor-column-gap-default\">\n\t\t\t\t\t\t\t<div class=\"elementor-row\">\n\t\t\t\t\t<div class=\"elementor-column elementor-col-100 elementor-top-column elementor-element elementor-element-875590e\" data-id=\"875590e\" data-element_type=\"column\">\n\t\t\t<div class=\"elementor-column-wrap elementor-element-populated\">\n\t\t\t\t\t\t\t<div class=\"elementor-widget-wrap\">\n\t\t\t\t\t\t<div class=\"elementor-element elementor-element-c0b241b elementor-widget elementor-widget-heading\" data-id=\"c0b241b\" data-element_type=\"widget\" data-widget_type=\"heading.default\">\n\t\t\t\t<div class=\"elementor-widget-container\">\n\t\t\t<h2 class=\"elementor-heading-title elementor-size-default\">Servicios <\/h2>\t\t<\/div>\n\t\t\t\t<\/div>\n\t\t\t\t\t\t<\/div>\n\t\t\t\t\t<\/div>\n\t\t<\/div>\n\t\t\t\t\t\t\t\t<\/div>\n\t\t\t\t\t<\/div>\n\t\t<\/section>\n\t\t\t\t<section class=\"elementor-section elementor-top-section elementor-element elementor-element-9ca8db4 elementor-section-full_width elementor-section-stretched elementor-section-height-default elementor-section-height-default\" data-id=\"9ca8db4\" data-element_type=\"section\" data-settings=\"{&quot;stretch_section&quot;:&quot;section-stretched&quot;}\">\n\t\t\t\t\t\t<div class=\"elementor-container elementor-column-gap-extended\">\n\t\t\t\t\t\t\t<div class=\"elementor-row\">\n\t\t\t\t\t<div class=\"elementor-column elementor-col-33 elementor-top-column elementor-element elementor-element-e2e1057\" data-id=\"e2e1057\" data-element_type=\"column\">\n\t\t\t<div class=\"elementor-column-wrap elementor-element-populated\">\n\t\t\t\t\t\t\t<div class=\"elementor-widget-wrap\">\n\t\t\t\t\t\t<div class=\"elementor-element elementor-element-c52154e elementor-position-top elementor-vertical-align-top elementor-widget elementor-widget-image-box\" data-id=\"c52154e\" data-element_type=\"widget\" data-widget_type=\"image-box.default\">\n\t\t\t\t<div class=\"elementor-widget-container\">\n\t\t\t<div class=\"elementor-image-box-wrapper\"><figure class=\"elementor-image-box-img\"><a href=\"https:\/\/teatrogaleon.org\/wpgaleon\/index.php\/obras-de-teatro\/\"><img width=\"960\" height=\"720\" src=\"https:\/\/teatrogaleon.org\/wpgaleon\/wp-content\/uploads\/2021\/01\/obra-teatro-galeon.jpg\" class=\"attachment-full size-full\" alt=\"\" decoding=\"async\" srcset=\"https:\/\/teatrogaleon.org\/wpgaleon\/wp-content\/uploads\/2021\/01\/obra-teatro-galeon.jpg 960w, https:\/\/teatrogaleon.org\/wpgaleon\/wp-content\/uploads\/2021\/01\/obra-teatro-galeon-600x450.jpg 600w, https:\/\/teatrogaleon.org\/wpgaleon\/wp-content\/uploads\/2021\/01\/obra-teatro-galeon-300x225.jpg 300w, https:\/\/teatrogaleon.org\/wpgaleon\/wp-content\/uploads\/2021\/01\/obra-teatro-galeon-768x576.jpg 768w\" sizes=\"(max-width: 960px) 100vw, 960px\" \/><\/a><\/figure><div class=\"elementor-image-box-content\"><h3 class=\"elementor-image-box-title\"><a href=\"https:\/\/teatrogaleon.org\/wpgaleon\/index.php\/obras-de-teatro\/\">Obras de Teatro<\/a><\/h3><p class=\"elementor-image-box-description\">En la Corporaci\u00f3n Cultural y Art\u00edstica Gale\u00f3n tenemos, dentro de nuestras principales\nfunciones, el desarrollo de obras de teatro...<\/p><\/div><\/div>\t\t<\/div>\n\t\t\t\t<\/div>\n\t\t\t\t\t\t<\/div>\n\t\t\t\t\t<\/div>\n\t\t<\/div>\n\t\t\t\t<div class=\"elementor-column elementor-col-33 elementor-top-column elementor-element elementor-element-3970f01\" data-id=\"3970f01\" data-element_type=\"column\">\n\t\t\t<div class=\"elementor-column-wrap elementor-element-populated\">\n\t\t\t\t\t\t\t<div class=\"elementor-widget-wrap\">\n\t\t\t\t\t\t<div class=\"elementor-element elementor-element-5cd1e19 elementor-position-top elementor-vertical-align-top elementor-widget elementor-widget-image-box\" data-id=\"5cd1e19\" data-element_type=\"widget\" data-widget_type=\"image-box.default\">\n\t\t\t\t<div class=\"elementor-widget-container\">\n\t\t\t<div class=\"elementor-image-box-wrapper\"><figure class=\"elementor-image-box-img\"><a href=\"https:\/\/teatrogaleon.org\/wpgaleon\/index.php\/teatro-empresarial\/\"><img width=\"640\" height=\"426\" src=\"https:\/\/teatrogaleon.org\/wpgaleon\/wp-content\/uploads\/2021\/01\/Foto-piratas-teatro-galeon-1.jpg\" class=\"attachment-full size-full\" alt=\"\" decoding=\"async\" srcset=\"https:\/\/teatrogaleon.org\/wpgaleon\/wp-content\/uploads\/2021\/01\/Foto-piratas-teatro-galeon-1.jpg 640w, https:\/\/teatrogaleon.org\/wpgaleon\/wp-content\/uploads\/2021\/01\/Foto-piratas-teatro-galeon-1-600x399.jpg 600w, https:\/\/teatrogaleon.org\/wpgaleon\/wp-content\/uploads\/2021\/01\/Foto-piratas-teatro-galeon-1-300x200.jpg 300w, https:\/\/teatrogaleon.org\/wpgaleon\/wp-content\/uploads\/2021\/01\/Foto-piratas-teatro-galeon-1-391x260.jpg 391w\" sizes=\"(max-width: 640px) 100vw, 640px\" \/><\/a><\/figure><div class=\"elementor-image-box-content\"><h3 class=\"elementor-image-box-title\"><a href=\"https:\/\/teatrogaleon.org\/wpgaleon\/index.php\/teatro-empresarial\/\">Teatro Empresarial<\/a><\/h3><p class=\"elementor-image-box-description\">Somos conscientes de las necesidades comunicativas de las\nempresas a la hora de querer impactar con un mensaje...<\/p><\/div><\/div>\t\t<\/div>\n\t\t\t\t<\/div>\n\t\t\t\t\t\t<\/div>\n\t\t\t\t\t<\/div>\n\t\t<\/div>\n\t\t\t\t<div class=\"elementor-column elementor-col-33 elementor-top-column elementor-element elementor-element-d080f15\" data-id=\"d080f15\" data-element_type=\"column\">\n\t\t\t<div class=\"elementor-column-wrap elementor-element-populated\">\n\t\t\t\t\t\t\t<div class=\"elementor-widget-wrap\">\n\t\t\t\t\t\t<div class=\"elementor-element elementor-element-167839c elementor-position-top elementor-vertical-align-top elementor-widget elementor-widget-image-box\" data-id=\"167839c\" data-element_type=\"widget\" data-widget_type=\"image-box.default\">\n\t\t\t\t<div class=\"elementor-widget-container\">\n\t\t\t<div class=\"elementor-image-box-wrapper\"><figure class=\"elementor-image-box-img\"><a href=\"https:\/\/teatrogaleon.org\/wpgaleon\/index.php\/formacion-artista\/\"><img width=\"300\" height=\"225\" src=\"https:\/\/teatrogaleon.org\/wpgaleon\/wp-content\/uploads\/2021\/01\/esudiantes-teatro-galeon-300x225.jpg\" class=\"attachment-medium size-medium\" alt=\"\" decoding=\"async\" srcset=\"https:\/\/teatrogaleon.org\/wpgaleon\/wp-content\/uploads\/2021\/01\/esudiantes-teatro-galeon-300x225.jpg 300w, https:\/\/teatrogaleon.org\/wpgaleon\/wp-content\/uploads\/2021\/01\/esudiantes-teatro-galeon.jpg 600w\" sizes=\"(max-width: 300px) 100vw, 300px\" \/><\/a><\/figure><div class=\"elementor-image-box-content\"><h3 class=\"elementor-image-box-title\"><a href=\"https:\/\/teatrogaleon.org\/wpgaleon\/index.php\/formacion-artista\/\">Formaci\u00f3n Artistica<\/a><\/h3><p class=\"elementor-image-box-description\">En el Teatro Gale\u00f3n ofrecemos espacios para la formaci\u00f3n art\u00edstica, donde ni\u00f1os y\nj\u00f3venes...<\/p><\/div><\/div>\t\t<\/div>\n\t\t\t\t<\/div>\n\t\t\t\t\t\t<\/div>\n\t\t\t\t\t<\/div>\n\t\t<\/div>\n\t\t\t\t\t\t\t\t<\/div>\n\t\t\t\t\t<\/div>\n\t\t<\/section>\n\t\t\t\t<section class=\"elementor-section elementor-top-section elementor-element elementor-element-306927e elementor-section-full_width elementor-section-stretched elementor-section-height-default elementor-section-height-default\" data-id=\"306927e\" data-element_type=\"section\" data-settings=\"{&quot;stretch_section&quot;:&quot;section-stretched&quot;}\">\n\t\t\t\t\t\t<div class=\"elementor-container elementor-column-gap-extended\">\n\t\t\t\t\t\t\t<div class=\"elementor-row\">\n\t\t\t\t\t<div class=\"elementor-column elementor-col-33 elementor-top-column elementor-element elementor-element-eb906d6\" data-id=\"eb906d6\" data-element_type=\"column\">\n\t\t\t<div class=\"elementor-column-wrap elementor-element-populated\">\n\t\t\t\t\t\t\t<div class=\"elementor-widget-wrap\">\n\t\t\t\t\t\t<div class=\"elementor-element elementor-element-d4551ba elementor-position-top elementor-vertical-align-top elementor-widget elementor-widget-image-box\" data-id=\"d4551ba\" data-element_type=\"widget\" data-widget_type=\"image-box.default\">\n\t\t\t\t<div class=\"elementor-widget-container\">\n\t\t\t<div class=\"elementor-image-box-wrapper\"><figure class=\"elementor-image-box-img\"><a href=\"https:\/\/teatrogaleon.org\/wpgaleon\/index.php\/proyectos-culturales\/\"><img width=\"300\" height=\"225\" src=\"https:\/\/teatrogaleon.org\/wpgaleon\/wp-content\/uploads\/2021\/01\/personajes-teatro-galeon-300x225.jpg\" class=\"attachment-medium size-medium\" alt=\"\" decoding=\"async\" srcset=\"https:\/\/teatrogaleon.org\/wpgaleon\/wp-content\/uploads\/2021\/01\/personajes-teatro-galeon-300x225.jpg 300w, https:\/\/teatrogaleon.org\/wpgaleon\/wp-content\/uploads\/2021\/01\/personajes-teatro-galeon.jpg 600w\" sizes=\"(max-width: 300px) 100vw, 300px\" \/><\/a><\/figure><div class=\"elementor-image-box-content\"><h3 class=\"elementor-image-box-title\"><a href=\"https:\/\/teatrogaleon.org\/wpgaleon\/index.php\/proyectos-culturales\/\">Proyectos Culturales<\/a><\/h3><p class=\"elementor-image-box-description\">La corporaci\u00f3n cultural y art\u00edstica Gale\u00f3n presta sus servicios para desarrollar diversos tipos de proyectos...<\/p><\/div><\/div>\t\t<\/div>\n\t\t\t\t<\/div>\n\t\t\t\t\t\t<\/div>\n\t\t\t\t\t<\/div>\n\t\t<\/div>\n\t\t\t\t<div class=\"elementor-column elementor-col-33 elementor-top-column elementor-element elementor-element-d0d80c1\" data-id=\"d0d80c1\" data-element_type=\"column\">\n\t\t\t<div class=\"elementor-column-wrap elementor-element-populated\">\n\t\t\t\t\t\t\t<div class=\"elementor-widget-wrap\">\n\t\t\t\t\t\t<div class=\"elementor-element elementor-element-6bc95ea elementor-position-top elementor-vertical-align-top elementor-widget elementor-widget-image-box\" data-id=\"6bc95ea\" data-element_type=\"widget\" data-widget_type=\"image-box.default\">\n\t\t\t\t<div class=\"elementor-widget-container\">\n\t\t\t<div class=\"elementor-image-box-wrapper\"><figure class=\"elementor-image-box-img\"><a href=\"https:\/\/teatrogaleon.org\/wpgaleon\/index.php\/eventos-artisticos\/\"><img width=\"300\" height=\"225\" src=\"https:\/\/teatrogaleon.org\/wpgaleon\/wp-content\/uploads\/2021\/01\/el-principito-y-chachacha-300x225.jpg\" class=\"attachment-medium size-medium\" alt=\"\" decoding=\"async\" srcset=\"https:\/\/teatrogaleon.org\/wpgaleon\/wp-content\/uploads\/2021\/01\/el-principito-y-chachacha-300x225.jpg 300w, https:\/\/teatrogaleon.org\/wpgaleon\/wp-content\/uploads\/2021\/01\/el-principito-y-chachacha-600x450.jpg 600w, https:\/\/teatrogaleon.org\/wpgaleon\/wp-content\/uploads\/2021\/01\/el-principito-y-chachacha.jpg 604w\" sizes=\"(max-width: 300px) 100vw, 300px\" \/><\/a><\/figure><div class=\"elementor-image-box-content\"><h3 class=\"elementor-image-box-title\"><a href=\"https:\/\/teatrogaleon.org\/wpgaleon\/index.php\/eventos-artisticos\/\">Eventos Art\u00edsticos<\/a><\/h3><p class=\"elementor-image-box-description\">La Corporaci\u00f3n Cultural y Art\u00edstica Gale\u00f3n participa y ejecuta eventos art\u00edsticos para la comunidad y para...<\/p><\/div><\/div>\t\t<\/div>\n\t\t\t\t<\/div>\n\t\t\t\t\t\t<\/div>\n\t\t\t\t\t<\/div>\n\t\t<\/div>\n\t\t\t\t<div class=\"elementor-column elementor-col-33 elementor-top-column elementor-element elementor-element-a138433\" data-id=\"a138433\" data-element_type=\"column\">\n\t\t\t<div class=\"elementor-column-wrap\">\n\t\t\t\t\t\t\t<div class=\"elementor-widget-wrap\">\n\t\t\t\t\t\t\t\t<\/div>\n\t\t\t\t\t<\/div>\n\t\t<\/div>\n\t\t\t\t\t\t\t\t<\/div>\n\t\t\t\t\t<\/div>\n\t\t<\/section>\n\t\t\t\t\t\t<\/div>\n\t\t\t\t\t\t<\/div>\n\t\t\t\t\t<\/div>\n\t\t","protected":false},"excerpt":{"rendered":"<p>Servicios Obras de Teatro En la Corporaci\u00f3n Cultural y Art\u00edstica Gale\u00f3n tenemos, dentro de nuestras principales funciones, el desarrollo de obras de teatro&#8230; Teatro Empresarial Somos conscientes de las necesidades&hellip;&nbsp;<a href=\"https:\/\/teatrogaleon.org\/wpgaleon\/index.php\/nuestros-servicios\/\" class=\"\" rel=\"bookmark\">Leer m\u00e1s &raquo;<span class=\"screen-reader-text\">Nuestros Servicios<\/span><\/a><\/p>\n","protected":false},"author":1,"featured_media":0,"parent":0,"menu_order":0,"comment_status":"closed","ping_status":"closed","template":"page-templates\/template-pagebuilder-full-width.php","meta":{"neve_meta_sidebar":"full-width","neve_meta_container":"","neve_meta_enable_content_width":"on","neve_meta_content_width":100,"neve_meta_title_alignment":"","neve_meta_author_avatar":"","neve_post_elements_order":"","neve_meta_disable_header":"","neve_meta_disable_footer":"","neve_meta_disable_title":"","_joinchat":[]},"yoast_head":"<!-- This site is optimized with the Yoast SEO plugin v20.13 - https:\/\/yoast.com\/wordpress\/plugins\/seo\/ -->\n<title>Nuestros Servicios - Teatro Gale\u00f3n<\/title>\n<meta name=\"robots\" content=\"index, follow, max-snippet:-1, max-image-preview:large, max-video-preview:-1\" \/>\n<link rel=\"canonical\" href=\"https:\/\/teatrogaleon.org\/wpgaleon\/index.php\/nuestros-servicios\/\" \/>\n<meta property=\"og:locale\" content=\"es_ES\" \/>\n<meta property=\"og:type\" content=\"article\" \/>\n<meta property=\"og:title\" content=\"Nuestros Servicios - Teatro Gale\u00f3n\" \/>\n<meta property=\"og:description\" content=\"Servicios Obras de Teatro En la Corporaci\u00f3n Cultural y Art\u00edstica Gale\u00f3n tenemos, dentro de nuestras principales funciones, el desarrollo de obras de teatro&#8230; Teatro Empresarial Somos conscientes de las necesidades&hellip;&nbsp;Leer m\u00e1s &raquo;Nuestros Servicios\" \/>\n<meta property=\"og:url\" content=\"https:\/\/teatrogaleon.org\/wpgaleon\/index.php\/nuestros-servicios\/\" \/>\n<meta property=\"og:site_name\" content=\"Teatro Gale\u00f3n\" \/>\n<meta property=\"article:modified_time\" content=\"2021-01-28T19:01:17+00:00\" \/>\n<meta property=\"og:image\" content=\"https:\/\/teatrogaleon.org\/wpgaleon\/wp-content\/uploads\/2021\/01\/obra-teatro-galeon.jpg\" \/>\n<meta name=\"twitter:card\" content=\"summary_large_image\" \/>\n<meta name=\"twitter:label1\" content=\"Tiempo de lectura\" \/>\n\t<meta name=\"twitter:data1\" content=\"2 minutos\" \/>\n<script type=\"application\/ld+json\" class=\"yoast-schema-graph\">{\"@context\":\"https:\/\/schema.org\",\"@graph\":[{\"@type\":\"WebPage\",\"@id\":\"https:\/\/teatrogaleon.org\/wpgaleon\/index.php\/nuestros-servicios\/\",\"url\":\"https:\/\/teatrogaleon.org\/wpgaleon\/index.php\/nuestros-servicios\/\",\"name\":\"Nuestros Servicios - Teatro Gale\u00f3n\",\"isPartOf\":{\"@id\":\"https:\/\/teatrogaleon.org\/wpgaleon\/#website\"},\"datePublished\":\"2021-01-23T05:34:31+00:00\",\"dateModified\":\"2021-01-28T19:01:17+00:00\",\"breadcrumb\":{\"@id\":\"https:\/\/teatrogaleon.org\/wpgaleon\/index.php\/nuestros-servicios\/#breadcrumb\"},\"inLanguage\":\"es\",\"potentialAction\":[{\"@type\":\"ReadAction\",\"target\":[\"https:\/\/teatrogaleon.org\/wpgaleon\/index.php\/nuestros-servicios\/\"]}]},{\"@type\":\"BreadcrumbList\",\"@id\":\"https:\/\/teatrogaleon.org\/wpgaleon\/index.php\/nuestros-servicios\/#breadcrumb\",\"itemListElement\":[{\"@type\":\"ListItem\",\"position\":1,\"name\":\"Portada\",\"item\":\"https:\/\/teatrogaleon.org\/wpgaleon\/\"},{\"@type\":\"ListItem\",\"position\":2,\"name\":\"Nuestros Servicios\"}]},{\"@type\":\"WebSite\",\"@id\":\"https:\/\/teatrogaleon.org\/wpgaleon\/#website\",\"url\":\"https:\/\/teatrogaleon.org\/wpgaleon\/\",\"name\":\"Teatro Gale\u00f3n\",\"description\":\"Teatro Gale\u00f3n\",\"publisher\":{\"@id\":\"https:\/\/teatrogaleon.org\/wpgaleon\/#organization\"},\"potentialAction\":[{\"@type\":\"SearchAction\",\"target\":{\"@type\":\"EntryPoint\",\"urlTemplate\":\"https:\/\/teatrogaleon.org\/wpgaleon\/?s={search_term_string}\"},\"query-input\":\"required name=search_term_string\"}],\"inLanguage\":\"es\"},{\"@type\":\"Organization\",\"@id\":\"https:\/\/teatrogaleon.org\/wpgaleon\/#organization\",\"name\":\"Teatro Gale\u00f3n\",\"url\":\"https:\/\/teatrogaleon.org\/wpgaleon\/\",\"logo\":{\"@type\":\"ImageObject\",\"inLanguage\":\"es\",\"@id\":\"https:\/\/teatrogaleon.org\/wpgaleon\/#\/schema\/logo\/image\/\",\"url\":\"https:\/\/teatrogaleon.org\/wpgaleon\/wp-content\/uploads\/2021\/06\/cropped-logo2.png\",\"contentUrl\":\"https:\/\/teatrogaleon.org\/wpgaleon\/wp-content\/uploads\/2021\/06\/cropped-logo2.png\",\"width\":1079,\"height\":766,\"caption\":\"Teatro Gale\u00f3n\"},\"image\":{\"@id\":\"https:\/\/teatrogaleon.org\/wpgaleon\/#\/schema\/logo\/image\/\"}}]}<\/script>\n<!-- \/ Yoast SEO plugin. -->","yoast_head_json":{"title":"Nuestros Servicios - Teatro Gale\u00f3n","robots":{"index":"index","follow":"follow","max-snippet":"max-snippet:-1","max-image-preview":"max-image-preview:large","max-video-preview":"max-video-preview:-1"},"canonical":"https:\/\/teatrogaleon.org\/wpgaleon\/index.php\/nuestros-servicios\/","og_locale":"es_ES","og_type":"article","og_title":"Nuestros Servicios - Teatro Gale\u00f3n","og_description":"Servicios Obras de Teatro En la Corporaci\u00f3n Cultural y Art\u00edstica Gale\u00f3n tenemos, dentro de nuestras principales funciones, el desarrollo de obras de teatro&#8230; Teatro Empresarial Somos conscientes de las necesidades&hellip;&nbsp;Leer m\u00e1s &raquo;Nuestros Servicios","og_url":"https:\/\/teatrogaleon.org\/wpgaleon\/index.php\/nuestros-servicios\/","og_site_name":"Teatro Gale\u00f3n","article_modified_time":"2021-01-28T19:01:17+00:00","og_image":[{"url":"https:\/\/teatrogaleon.org\/wpgaleon\/wp-content\/uploads\/2021\/01\/obra-teatro-galeon.jpg"}],"twitter_card":"summary_large_image","twitter_misc":{"Tiempo de lectura":"2 minutos"},"schema":{"@context":"https:\/\/schema.org","@graph":[{"@type":"WebPage","@id":"https:\/\/teatrogaleon.org\/wpgaleon\/index.php\/nuestros-servicios\/","url":"https:\/\/teatrogaleon.org\/wpgaleon\/index.php\/nuestros-servicios\/","name":"Nuestros Servicios - Teatro Gale\u00f3n","isPartOf":{"@id":"https:\/\/teatrogaleon.org\/wpgaleon\/#website"},"datePublished":"2021-01-23T05:34:31+00:00","dateModified":"2021-01-28T19:01:17+00:00","breadcrumb":{"@id":"https:\/\/teatrogaleon.org\/wpgaleon\/index.php\/nuestros-servicios\/#breadcrumb"},"inLanguage":"es","potentialAction":[{"@type":"ReadAction","target":["https:\/\/teatrogaleon.org\/wpgaleon\/index.php\/nuestros-servicios\/"]}]},{"@type":"BreadcrumbList","@id":"https:\/\/teatrogaleon.org\/wpgaleon\/index.php\/nuestros-servicios\/#breadcrumb","itemListElement":[{"@type":"ListItem","position":1,"name":"Portada","item":"https:\/\/teatrogaleon.org\/wpgaleon\/"},{"@type":"ListItem","position":2,"name":"Nuestros Servicios"}]},{"@type":"WebSite","@id":"https:\/\/teatrogaleon.org\/wpgaleon\/#website","url":"https:\/\/teatrogaleon.org\/wpgaleon\/","name":"Teatro Gale\u00f3n","description":"Teatro Gale\u00f3n","publisher":{"@id":"https:\/\/teatrogaleon.org\/wpgaleon\/#organization"},"potentialAction":[{"@type":"SearchAction","target":{"@type":"EntryPoint","urlTemplate":"https:\/\/teatrogaleon.org\/wpgaleon\/?s={search_term_string}"},"query-input":"required name=search_term_string"}],"inLanguage":"es"},{"@type":"Organization","@id":"https:\/\/teatrogaleon.org\/wpgaleon\/#organization","name":"Teatro Gale\u00f3n","url":"https:\/\/teatrogaleon.org\/wpgaleon\/","logo":{"@type":"ImageObject","inLanguage":"es","@id":"https:\/\/teatrogaleon.org\/wpgaleon\/#\/schema\/logo\/image\/","url":"https:\/\/teatrogaleon.org\/wpgaleon\/wp-content\/uploads\/2021\/06\/cropped-logo2.png","contentUrl":"https:\/\/teatrogaleon.org\/wpgaleon\/wp-content\/uploads\/2021\/06\/cropped-logo2.png","width":1079,"height":766,"caption":"Teatro Gale\u00f3n"},"image":{"@id":"https:\/\/teatrogaleon.org\/wpgaleon\/#\/schema\/logo\/image\/"}}]}},"_links":{"self":[{"href":"https:\/\/teatrogaleon.org\/wpgaleon\/index.php\/wp-json\/wp\/v2\/pages\/1811"}],"collection":[{"href":"https:\/\/teatrogaleon.org\/wpgaleon\/index.php\/wp-json\/wp\/v2\/pages"}],"about":[{"href":"https:\/\/teatrogaleon.org\/wpgaleon\/index.php\/wp-json\/wp\/v2\/types\/page"}],"author":[{"embeddable":true,"href":"https:\/\/teatrogaleon.org\/wpgaleon\/index.php\/wp-json\/wp\/v2\/users\/1"}],"replies":[{"embeddable":true,"href":"https:\/\/teatrogaleon.org\/wpgaleon\/index.php\/wp-json\/wp\/v2\/comments?post=1811"}],"version-history":[{"count":44,"href":"https:\/\/teatrogaleon.org\/wpgaleon\/index.php\/wp-json\/wp\/v2\/pages\/1811\/revisions"}],"predecessor-version":[{"id":2546,"href":"https:\/\/teatrogaleon.org\/wpgaleon\/index.php\/wp-json\/wp\/v2\/pages\/1811\/revisions\/2546"}],"wp:attachment":[{"href":"https:\/\/teatrogaleon.org\/wpgaleon\/index.php\/wp-json\/wp\/v2\/media?parent=1811"}],"curies":[{"name":"wp","href":"https:\/\/api.w.org\/{rel}","templated":true}]}}